{"id":383,"date":"2018-04-05T21:54:50","date_gmt":"2018-04-05T19:54:50","guid":{"rendered":"http:\/\/ferienhof-kaufmann.at\/?page_id=383"},"modified":"2025-11-26T20:43:29","modified_gmt":"2025-11-26T19:43:29","slug":"zimmer","status":"publish","type":"page","link":"https:\/\/ferienhof-kaufmann.at\/index.php\/zimmer\/","title":{"rendered":"Zimmer"},"content":{"rendered":"<div id=\"pl-383\"  class=\"panel-layout\" ><div id=\"pg-383-0\"  class=\"panel-grid panel-has-style\" ><div style=\"padding: 100px 0; \" data-overlay=\"true\" data-overlay-color=\"#000000\" class=\"panel-row-style panel-row-style-for-383-0\" ><div id=\"pgc-383-0-0\"  class=\"panel-grid-cell\" ><div id=\"panel-383-0-0-0\" class=\"so-panel widget widget_sow-editor panel-first-child panel-last-child\" data-index=\"0\" ><div style=\"text-align: left;\" data-title-color=\"#443f3f\" data-headings-color=\"#443f3f\" class=\"panel-widget-style panel-widget-style-for-383-0-0-0\" ><div\n\t\t\t\n\t\t\tclass=\"so-widget-sow-editor so-widget-sow-editor-base\"\n\t\t\t\n\t\t><h3 class=\"widget-title\">Unsere Zimmer<\/h3>\n<div class=\"siteorigin-widget-tinymce textwidget\">\n\t<p>Es stehen Ihnen drei Doppelzimmer und ein Dreibettzimmer zur Verf\u00fcgung. Alle Zimmer verf\u00fcgen \u00fcber ein Badezimmer mit WC und Dusche. Zudem verf\u00fcgt jedes Zimmer \u00fcber Satellitenfernsehen, falls mal ein nicht so ganz sch\u00f6ner Tag den Urlaub durchkreuzt. Durch die gute Abdeckung mit WLAN k\u00f6nnen Sie auch im Urlaub immer erreichbar sein.<\/p>\n<p>Jedes Zimmer hat ein Maskottchen als Erkennungsmerkmal. W\u00e4hlen Sie einfach ein Maskottchen und schon erfahren Sie mehr \u00fcber dieses Zimmer!<\/p>\n<\/div>\n<\/div><\/div><\/div><\/div><\/div><\/div><div id=\"pg-383-1\"  class=\"panel-grid panel-has-style\" ><div style=\"padding: 100px 0; \" data-overlay=\"true\" data-overlay-color=\"#000000\" class=\"panel-row-style panel-row-style-for-383-1\" ><div id=\"pgc-383-1-0\"  class=\"panel-grid-cell\" ><div id=\"panel-383-1-0-0\" class=\"so-panel widget widget_sow-image panel-first-child panel-last-child\" data-index=\"1\" ><div style=\"text-align: left;\" data-title-color=\"#443f3f\" data-headings-color=\"#443f3f\" class=\"panel-widget-style panel-widget-style-for-383-1-0-0\" ><div\n\t\t\t\n\t\t\tclass=\"so-widget-sow-image so-widget-sow-image-default-c67d20f9f743-383\"\n\t\t\t\n\t\t>\n<div class=\"sow-image-container\">\n\t\t\t<a href=\"https:\/\/ferienhof-kaufmann.at\/index.php\/hasen-zimmer\/\"\n\t\t\t\t\t>\n\t\t\t<img \n\tsrc=\"https:\/\/ferienhof-kaufmann.at\/wp-content\/uploads\/2018\/04\/Hase.png\" width=\"110\" height=\"175\" sizes=\"(max-width: 110px) 100vw, 110px\" title=\"Hasen Zimmer\" alt=\"Mehr Informationen zum Hasen Zimmer\" \t\tclass=\"so-widget-image\"\/>\n\t\t\t<\/a><\/div>\n\n<\/div><\/div><\/div><\/div><div id=\"pgc-383-1-1\"  class=\"panel-grid-cell\" ><div id=\"panel-383-1-1-0\" class=\"so-panel widget widget_sow-image panel-first-child panel-last-child\" data-index=\"2\" ><div style=\"text-align: left;\" data-title-color=\"#443f3f\" data-headings-color=\"#443f3f\" class=\"panel-widget-style panel-widget-style-for-383-1-1-0\" ><div\n\t\t\t\n\t\t\tclass=\"so-widget-sow-image so-widget-sow-image-default-c67d20f9f743-383\"\n\t\t\t\n\t\t>\n<div class=\"sow-image-container\">\n\t\t\t<a href=\"https:\/\/ferienhof-kaufmann.at\/index.php\/schweinchen-zimmer\/\"\n\t\t\t\t\t>\n\t\t\t<img \n\tsrc=\"https:\/\/ferienhof-kaufmann.at\/wp-content\/uploads\/2018\/04\/Schweinchen.png\" width=\"114\" height=\"175\" sizes=\"(max-width: 114px) 100vw, 114px\" title=\"Schweinchen Zimmer\" alt=\"Mehr Informationen zum Schweinchen Zimmer\" \t\tclass=\"so-widget-image\"\/>\n\t\t\t<\/a><\/div>\n\n<\/div><\/div><\/div><\/div><div id=\"pgc-383-1-2\"  class=\"panel-grid-cell\" ><div id=\"panel-383-1-2-0\" class=\"so-panel widget widget_sow-image panel-first-child panel-last-child\" data-index=\"3\" ><div style=\"text-align: left;\" data-title-color=\"#443f3f\" data-headings-color=\"#443f3f\" class=\"panel-widget-style panel-widget-style-for-383-1-2-0\" ><div\n\t\t\t\n\t\t\tclass=\"so-widget-sow-image so-widget-sow-image-default-c67d20f9f743-383\"\n\t\t\t\n\t\t>\n<div class=\"sow-image-container\">\n\t\t\t<a href=\"https:\/\/ferienhof-kaufmann.at\/index.php\/hahn-zimmer\/\"\n\t\t\t\t\t>\n\t\t\t<img \n\tsrc=\"https:\/\/ferienhof-kaufmann.at\/wp-content\/uploads\/2018\/04\/Hahn.png\" width=\"117\" height=\"175\" sizes=\"(max-width: 117px) 100vw, 117px\" title=\"Hahn Zimmer\" alt=\"Mehr Informationen zum Hahn Zimmer\" \t\tclass=\"so-widget-image\"\/>\n\t\t\t<\/a><\/div>\n\n<\/div><\/div><\/div><\/div><div id=\"pgc-383-1-3\"  class=\"panel-grid-cell\" ><div id=\"panel-383-1-3-0\" class=\"so-panel widget widget_sow-image panel-first-child panel-last-child\" data-index=\"4\" ><div style=\"text-align: left;\" data-title-color=\"#443f3f\" data-headings-color=\"#443f3f\" class=\"panel-widget-style panel-widget-style-for-383-1-3-0\" ><div\n\t\t\t\n\t\t\tclass=\"so-widget-sow-image so-widget-sow-image-default-c67d20f9f743-383\"\n\t\t\t\n\t\t>\n<div class=\"sow-image-container\">\n\t\t\t<a href=\"https:\/\/ferienhof-kaufmann.at\/index.php\/kuh-zimmer\/\"\n\t\t\t\t\t>\n\t\t\t<img \n\tsrc=\"https:\/\/ferienhof-kaufmann.at\/wp-content\/uploads\/2018\/04\/Kuh.png\" width=\"120\" height=\"174\" sizes=\"(max-width: 120px) 100vw, 120px\" title=\"Kuh Zimmer\" alt=\"Mehr Informationen zum Kuh Zimmer\" \t\tclass=\"so-widget-image\"\/>\n\t\t\t<\/a><\/div>\n\n<\/div><\/div><\/div><\/div><\/div><\/div><div id=\"pg-383-2\"  class=\"panel-grid panel-has-style\" ><div style=\"padding: 100px 0; \" data-overlay=\"true\" data-overlay-color=\"#000000\" class=\"panel-row-style panel-row-style-for-383-2\" ><div id=\"pgc-383-2-0\"  class=\"panel-grid-cell\" ><div id=\"panel-383-2-0-0\" class=\"widget_text so-panel widget widget_custom_html panel-first-child panel-last-child\" data-index=\"5\" ><div style=\"text-align: left;\" data-title-color=\"#443f3f\" data-headings-color=\"#443f3f\" class=\"widget_text panel-widget-style panel-widget-style-for-383-2-0-0\" ><h3 class=\"widget-title\">Verf\u00fcgbarkeit pr\u00fcfen und gleich buchen<\/h3><div class=\"textwidget custom-html-widget\"><center><b>Derzeit ist die direkte Buchung \u00fcber unsere Seite leider nicht m\u00f6glich. Bitte nutzen Sie das Kontaktformular f\u00fcr Ihre Anfrage oder melden Sie sich telefonisch bei uns! Herzlichen Dank f\u00fcr Ihr Verst\u00e4ndnis<\/b><\/center>\n<!--\n<style>\n\t.kbe-card-description {\n\t\tmax-height: 10rem !important;\n\t}\n\t.kbe-card-main-image {\n\t\tmargin: 15px;\n\t}\n\t.kbe-card kbe-room-card {\n\t\theight: 600px !important;\n\t}\n<\/style>\n<div data-kbe-searchbar=\"BOOKINGWIDGET\"><\/div>\n<div data-kbe-rates=\"BOOKINGWIDGET\"><\/div>\n--><\/div><\/div><\/div><\/div><\/div><\/div><\/div>","protected":false},"excerpt":{"rendered":"<p>Es stehen Ihnen drei Doppelzimmer und ein Dreibettzimmer zur Verf\u00fcgung. Alle Zimmer verf\u00fcgen \u00fcber ein Badezimmer mit WC und Dusche. Zudem verf\u00fcgt jedes Zimmer \u00fcber Satellitenfernsehen, falls mal ein nicht so ganz sch\u00f6ner Tag den Urlaub durchkreuzt. Durch die gute Abdeckung mit WLAN k\u00f6nnen Sie auch im Urlaub immer erreichbar sein. Jedes Zimmer hat ein [&hellip;]<\/p>\n","protected":false},"author":1,"featured_media":0,"parent":0,"menu_order":0,"comment_status":"closed","ping_status":"closed","template":"","meta":{"footnotes":""},"class_list":["post-383","page","type-page","status-publish","hentry"],"yoast_head":"<!-- This site is optimized with the Yoast SEO plugin v26.4 - https:\/\/yoast.com\/wordpress\/plugins\/seo\/ -->\n<title>Entdecken Sie unsere Zimmer f\u00fcr Ihren Urlaub am Bodensee - Ferienhof Kaufmann<\/title>\n<meta name=\"description\" content=\"Entdecken Sie unsere gro\u00dfen Zimmer, jeweils mit Badezimmer, WLAN und Satellitenfernsehen. W\u00e4hlen Sie Ihren pers\u00f6nlichen Favoriten!\" \/>\n<meta name=\"robots\" content=\"index, follow, max-snippet:-1, max-image-preview:large, max-video-preview:-1\" \/>\n<link rel=\"canonical\" href=\"https:\/\/ferienhof-kaufmann.at\/index.php\/zimmer\/\" \/>\n<meta property=\"og:locale\" content=\"de_DE\" \/>\n<meta property=\"og:type\" content=\"article\" \/>\n<meta property=\"og:title\" content=\"Entdecken Sie unsere Zimmer f\u00fcr Ihren Urlaub am Bodensee - Ferienhof Kaufmann\" \/>\n<meta property=\"og:description\" content=\"Entdecken Sie unsere gro\u00dfen Zimmer, jeweils mit Badezimmer, WLAN und Satellitenfernsehen. W\u00e4hlen Sie Ihren pers\u00f6nlichen Favoriten!\" \/>\n<meta property=\"og:url\" content=\"https:\/\/ferienhof-kaufmann.at\/index.php\/zimmer\/\" \/>\n<meta property=\"og:site_name\" content=\"Ferienhof Kaufmann\" \/>\n<meta property=\"article:publisher\" content=\"https:\/\/www.facebook.com\/profile.php?id=100063575891258\" \/>\n<meta property=\"article:modified_time\" content=\"2025-11-26T19:43:29+00:00\" \/>\n<script type=\"application\/ld+json\" class=\"yoast-schema-graph\">{\"@context\":\"https:\/\/schema.org\",\"@graph\":[{\"@type\":\"WebPage\",\"@id\":\"https:\/\/ferienhof-kaufmann.at\/index.php\/zimmer\/\",\"url\":\"https:\/\/ferienhof-kaufmann.at\/index.php\/zimmer\/\",\"name\":\"Entdecken Sie unsere Zimmer f\u00fcr Ihren Urlaub am Bodensee - Ferienhof Kaufmann\",\"isPartOf\":{\"@id\":\"https:\/\/ferienhof-kaufmann.at\/#website\"},\"datePublished\":\"2018-04-05T19:54:50+00:00\",\"dateModified\":\"2025-11-26T19:43:29+00:00\",\"description\":\"Entdecken Sie unsere gro\u00dfen Zimmer, jeweils mit Badezimmer, WLAN und Satellitenfernsehen. W\u00e4hlen Sie Ihren pers\u00f6nlichen Favoriten!\",\"breadcrumb\":{\"@id\":\"https:\/\/ferienhof-kaufmann.at\/index.php\/zimmer\/#breadcrumb\"},\"inLanguage\":\"de\",\"potentialAction\":[{\"@type\":\"ReadAction\",\"target\":[\"https:\/\/ferienhof-kaufmann.at\/index.php\/zimmer\/\"]}]},{\"@type\":\"BreadcrumbList\",\"@id\":\"https:\/\/ferienhof-kaufmann.at\/index.php\/zimmer\/#breadcrumb\",\"itemListElement\":[{\"@type\":\"ListItem\",\"position\":1,\"name\":\"Startseite\",\"item\":\"https:\/\/ferienhof-kaufmann.at\/\"},{\"@type\":\"ListItem\",\"position\":2,\"name\":\"Zimmer\"}]},{\"@type\":\"WebSite\",\"@id\":\"https:\/\/ferienhof-kaufmann.at\/#website\",\"url\":\"https:\/\/ferienhof-kaufmann.at\/\",\"name\":\"Ferienhof Kaufmann\",\"description\":\"Urlaub am Bodensee\",\"publisher\":{\"@id\":\"https:\/\/ferienhof-kaufmann.at\/#organization\"},\"alternateName\":\"Urlaub auf dem Bauernhof der Familie Kaufmann\",\"potentialAction\":[{\"@type\":\"SearchAction\",\"target\":{\"@type\":\"EntryPoint\",\"urlTemplate\":\"https:\/\/ferienhof-kaufmann.at\/?s={search_term_string}\"},\"query-input\":{\"@type\":\"PropertyValueSpecification\",\"valueRequired\":true,\"valueName\":\"search_term_string\"}}],\"inLanguage\":\"de\"},{\"@type\":\"Organization\",\"@id\":\"https:\/\/ferienhof-kaufmann.at\/#organization\",\"name\":\"Ferienhof Kaufmann\",\"url\":\"https:\/\/ferienhof-kaufmann.at\/\",\"logo\":{\"@type\":\"ImageObject\",\"inLanguage\":\"de\",\"@id\":\"https:\/\/ferienhof-kaufmann.at\/#\/schema\/logo\/image\/\",\"url\":\"https:\/\/ferienhof-kaufmann.at\/wp-content\/uploads\/2017\/10\/Icon.png\",\"contentUrl\":\"https:\/\/ferienhof-kaufmann.at\/wp-content\/uploads\/2017\/10\/Icon.png\",\"width\":500,\"height\":500,\"caption\":\"Ferienhof Kaufmann\"},\"image\":{\"@id\":\"https:\/\/ferienhof-kaufmann.at\/#\/schema\/logo\/image\/\"},\"sameAs\":[\"https:\/\/www.facebook.com\/profile.php?id=100063575891258\"]}]}<\/script>\n<!-- \/ Yoast SEO plugin. -->","yoast_head_json":{"title":"Entdecken Sie unsere Zimmer f\u00fcr Ihren Urlaub am Bodensee - Ferienhof Kaufmann","description":"Entdecken Sie unsere gro\u00dfen Zimmer, jeweils mit Badezimmer, WLAN und Satellitenfernsehen. W\u00e4hlen Sie Ihren pers\u00f6nlichen Favoriten!","robots":{"index":"index","follow":"follow","max-snippet":"max-snippet:-1","max-image-preview":"max-image-preview:large","max-video-preview":"max-video-preview:-1"},"canonical":"https:\/\/ferienhof-kaufmann.at\/index.php\/zimmer\/","og_locale":"de_DE","og_type":"article","og_title":"Entdecken Sie unsere Zimmer f\u00fcr Ihren Urlaub am Bodensee - Ferienhof Kaufmann","og_description":"Entdecken Sie unsere gro\u00dfen Zimmer, jeweils mit Badezimmer, WLAN und Satellitenfernsehen. W\u00e4hlen Sie Ihren pers\u00f6nlichen Favoriten!","og_url":"https:\/\/ferienhof-kaufmann.at\/index.php\/zimmer\/","og_site_name":"Ferienhof Kaufmann","article_publisher":"https:\/\/www.facebook.com\/profile.php?id=100063575891258","article_modified_time":"2025-11-26T19:43:29+00:00","schema":{"@context":"https:\/\/schema.org","@graph":[{"@type":"WebPage","@id":"https:\/\/ferienhof-kaufmann.at\/index.php\/zimmer\/","url":"https:\/\/ferienhof-kaufmann.at\/index.php\/zimmer\/","name":"Entdecken Sie unsere Zimmer f\u00fcr Ihren Urlaub am Bodensee - Ferienhof Kaufmann","isPartOf":{"@id":"https:\/\/ferienhof-kaufmann.at\/#website"},"datePublished":"2018-04-05T19:54:50+00:00","dateModified":"2025-11-26T19:43:29+00:00","description":"Entdecken Sie unsere gro\u00dfen Zimmer, jeweils mit Badezimmer, WLAN und Satellitenfernsehen. W\u00e4hlen Sie Ihren pers\u00f6nlichen Favoriten!","breadcrumb":{"@id":"https:\/\/ferienhof-kaufmann.at\/index.php\/zimmer\/#breadcrumb"},"inLanguage":"de","potentialAction":[{"@type":"ReadAction","target":["https:\/\/ferienhof-kaufmann.at\/index.php\/zimmer\/"]}]},{"@type":"BreadcrumbList","@id":"https:\/\/ferienhof-kaufmann.at\/index.php\/zimmer\/#breadcrumb","itemListElement":[{"@type":"ListItem","position":1,"name":"Startseite","item":"https:\/\/ferienhof-kaufmann.at\/"},{"@type":"ListItem","position":2,"name":"Zimmer"}]},{"@type":"WebSite","@id":"https:\/\/ferienhof-kaufmann.at\/#website","url":"https:\/\/ferienhof-kaufmann.at\/","name":"Ferienhof Kaufmann","description":"Urlaub am Bodensee","publisher":{"@id":"https:\/\/ferienhof-kaufmann.at\/#organization"},"alternateName":"Urlaub auf dem Bauernhof der Familie Kaufmann","potentialAction":[{"@type":"SearchAction","target":{"@type":"EntryPoint","urlTemplate":"https:\/\/ferienhof-kaufmann.at\/?s={search_term_string}"},"query-input":{"@type":"PropertyValueSpecification","valueRequired":true,"valueName":"search_term_string"}}],"inLanguage":"de"},{"@type":"Organization","@id":"https:\/\/ferienhof-kaufmann.at\/#organization","name":"Ferienhof Kaufmann","url":"https:\/\/ferienhof-kaufmann.at\/","logo":{"@type":"ImageObject","inLanguage":"de","@id":"https:\/\/ferienhof-kaufmann.at\/#\/schema\/logo\/image\/","url":"https:\/\/ferienhof-kaufmann.at\/wp-content\/uploads\/2017\/10\/Icon.png","contentUrl":"https:\/\/ferienhof-kaufmann.at\/wp-content\/uploads\/2017\/10\/Icon.png","width":500,"height":500,"caption":"Ferienhof Kaufmann"},"image":{"@id":"https:\/\/ferienhof-kaufmann.at\/#\/schema\/logo\/image\/"},"sameAs":["https:\/\/www.facebook.com\/profile.php?id=100063575891258"]}]}},"_links":{"self":[{"href":"https:\/\/ferienhof-kaufmann.at\/index.php\/wp-json\/wp\/v2\/pages\/383","targetHints":{"allow":["GET"]}}],"collection":[{"href":"https:\/\/ferienhof-kaufmann.at\/index.php\/wp-json\/wp\/v2\/pages"}],"about":[{"href":"https:\/\/ferienhof-kaufmann.at\/index.php\/wp-json\/wp\/v2\/types\/page"}],"author":[{"embeddable":true,"href":"https:\/\/ferienhof-kaufmann.at\/index.php\/wp-json\/wp\/v2\/users\/1"}],"replies":[{"embeddable":true,"href":"https:\/\/ferienhof-kaufmann.at\/index.php\/wp-json\/wp\/v2\/comments?post=383"}],"version-history":[{"count":25,"href":"https:\/\/ferienhof-kaufmann.at\/index.php\/wp-json\/wp\/v2\/pages\/383\/revisions"}],"predecessor-version":[{"id":959,"href":"https:\/\/ferienhof-kaufmann.at\/index.php\/wp-json\/wp\/v2\/pages\/383\/revisions\/959"}],"wp:attachment":[{"href":"https:\/\/ferienhof-kaufmann.at\/index.php\/wp-json\/wp\/v2\/media?parent=383"}],"curies":[{"name":"wp","href":"https:\/\/api.w.org\/{rel}","templated":true}]}}