{"id":401,"date":"2018-04-05T21:53:31","date_gmt":"2018-04-05T19:53:31","guid":{"rendered":"http:\/\/ferienhof-kaufmann.at\/?page_id=401"},"modified":"2025-01-26T15:12:53","modified_gmt":"2025-01-26T14:12:53","slug":"hahn-zimmer","status":"publish","type":"page","link":"https:\/\/ferienhof-kaufmann.at\/index.php\/hahn-zimmer\/","title":{"rendered":"Hahn Zimmer"},"content":{"rendered":"<div id=\"pl-401\"  class=\"panel-layout\" ><div id=\"pg-401-0\"  class=\"panel-grid panel-has-style\" ><div style=\"padding: 100px 0; \" data-overlay=\"true\" data-overlay-color=\"#000000\" class=\"panel-row-style panel-row-style-for-401-0\" ><div id=\"pgc-401-0-0\"  class=\"panel-grid-cell\" ><div id=\"panel-401-0-0-0\" class=\"so-panel widget widget_sow-editor panel-first-child panel-last-child\" data-index=\"0\" ><div style=\"text-align: left;\" data-title-color=\"#443f3f\" data-headings-color=\"#443f3f\" class=\"panel-widget-style panel-widget-style-for-401-0-0-0\" ><div\n\t\t\t\n\t\t\tclass=\"so-widget-sow-editor so-widget-sow-editor-base\"\n\t\t\t\n\t\t><h3 class=\"widget-title\">Willkommen im Hahn Zimmer<\/h3>\n<div class=\"siteorigin-widget-tinymce textwidget\">\n\t<p><img loading=\"lazy\" decoding=\"async\" class=\"alignleft size-full wp-image-470\" src=\"http:\/\/ferienhof-kaufmann.at\/wp-content\/uploads\/2018\/04\/Hahn_small.png\" alt=\"\" width=\"80\" height=\"120\" \/>Das \"Hahn Zimmer\" befindet sich im zweiten Obergeschoss und ist \u00fcber das Treppenhaus erreichbar. Das Zimmer bietet einen seitlichen Seeblick und ist Richtung S\u00fcden ausgerichtet. Im Zimmer befindet sich ein kleines Badezimmer mit Dusche und WC und ein Fernseher mit SAT Anschluss. Das gro\u00dfe komfortable Doppelbett l\u00e4dt zum Ausschlafen ein.<\/p>\n<p>Eine \u00dcbernachtung im Hahn Zimmer kostet je nach Aufenthaltsdauer ab \u20ac 40 pro Person.<\/p>\n<\/div>\n<\/div><\/div><\/div><\/div><div id=\"pgc-401-0-1\"  class=\"panel-grid-cell\" ><div id=\"panel-401-0-1-0\" class=\"so-panel widget widget_sow-slider panel-first-child panel-last-child\" data-index=\"1\" ><div style=\"text-align: left;\" data-title-color=\"#443f3f\" data-headings-color=\"#443f3f\" class=\"panel-widget-style panel-widget-style-for-401-0-1-0\" ><div\n\t\t\t\n\t\t\tclass=\"so-widget-sow-slider so-widget-sow-slider-default-6d39609536fd-401\"\n\t\t\t\n\t\t>\t\t\t\t<div class=\"sow-slider-base\" style=\"display: none\" tabindex=\"0\">\n\t\t\t\t\t<ul\n\t\t\t\t\tclass=\"sow-slider-images\"\n\t\t\t\t\tdata-settings=\"{&quot;pagination&quot;:true,&quot;speed&quot;:800,&quot;timeout&quot;:8000,&quot;paused&quot;:false,&quot;pause_on_hover&quot;:false,&quot;swipe&quot;:true,&quot;nav_always_show_desktop&quot;:&quot;&quot;,&quot;nav_always_show_mobile&quot;:&quot;&quot;,&quot;breakpoint&quot;:&quot;780px&quot;,&quot;unmute&quot;:false,&quot;anchor&quot;:null}\"\n\t\t\t\t\t\t\t\t\t\tdata-anchor-id=\"\"\n\t\t\t\t>\t\t<li class=\"sow-slider-image\" style=\"visibility: visible;\" >\n\t\t\t\t\t\t<img loading=\"lazy\" decoding=\"async\" width=\"1200\" height=\"799\" src=\"https:\/\/ferienhof-kaufmann.at\/wp-content\/uploads\/2020\/10\/Hahnzimmer.jpg\" class=\"sow-slider-background-image\" alt=\"\" style=\"\" srcset=\"https:\/\/ferienhof-kaufmann.at\/wp-content\/uploads\/2020\/10\/Hahnzimmer.jpg 1200w, https:\/\/ferienhof-kaufmann.at\/wp-content\/uploads\/2020\/10\/Hahnzimmer-300x200.jpg 300w, https:\/\/ferienhof-kaufmann.at\/wp-content\/uploads\/2020\/10\/Hahnzimmer-1024x682.jpg 1024w, https:\/\/ferienhof-kaufmann.at\/wp-content\/uploads\/2020\/10\/Hahnzimmer-768x511.jpg 768w, https:\/\/ferienhof-kaufmann.at\/wp-content\/uploads\/2020\/10\/Hahnzimmer-830x553.jpg 830w, https:\/\/ferienhof-kaufmann.at\/wp-content\/uploads\/2020\/10\/Hahnzimmer-230x153.jpg 230w, https:\/\/ferienhof-kaufmann.at\/wp-content\/uploads\/2020\/10\/Hahnzimmer-350x233.jpg 350w, https:\/\/ferienhof-kaufmann.at\/wp-content\/uploads\/2020\/10\/Hahnzimmer-480x320.jpg 480w, https:\/\/ferienhof-kaufmann.at\/wp-content\/uploads\/2020\/10\/Hahnzimmer-272x182.jpg 272w\" sizes=\"auto, (max-width: 1200px) 100vw, 1200px\" \/>\t\t<\/li>\n\t\t\t\t<li class=\"sow-slider-image\" style=\"visibility: hidden;\" >\n\t\t\t\t\t\t<img loading=\"lazy\" decoding=\"async\" width=\"1200\" height=\"799\" src=\"https:\/\/ferienhof-kaufmann.at\/wp-content\/uploads\/2020\/10\/Hahnzimmer-3.jpg\" class=\"sow-slider-background-image\" alt=\"\" style=\"\" srcset=\"https:\/\/ferienhof-kaufmann.at\/wp-content\/uploads\/2020\/10\/Hahnzimmer-3.jpg 1200w, https:\/\/ferienhof-kaufmann.at\/wp-content\/uploads\/2020\/10\/Hahnzimmer-3-300x200.jpg 300w, https:\/\/ferienhof-kaufmann.at\/wp-content\/uploads\/2020\/10\/Hahnzimmer-3-1024x682.jpg 1024w, https:\/\/ferienhof-kaufmann.at\/wp-content\/uploads\/2020\/10\/Hahnzimmer-3-768x511.jpg 768w, https:\/\/ferienhof-kaufmann.at\/wp-content\/uploads\/2020\/10\/Hahnzimmer-3-830x553.jpg 830w, https:\/\/ferienhof-kaufmann.at\/wp-content\/uploads\/2020\/10\/Hahnzimmer-3-230x153.jpg 230w, https:\/\/ferienhof-kaufmann.at\/wp-content\/uploads\/2020\/10\/Hahnzimmer-3-350x233.jpg 350w, https:\/\/ferienhof-kaufmann.at\/wp-content\/uploads\/2020\/10\/Hahnzimmer-3-480x320.jpg 480w, https:\/\/ferienhof-kaufmann.at\/wp-content\/uploads\/2020\/10\/Hahnzimmer-3-272x182.jpg 272w\" sizes=\"auto, (max-width: 1200px) 100vw, 1200px\" \/>\t\t<\/li>\n\t\t\t\t<li class=\"sow-slider-image\" style=\"visibility: hidden;\" >\n\t\t\t\t\t\t<img loading=\"lazy\" decoding=\"async\" width=\"1200\" height=\"801\" src=\"https:\/\/ferienhof-kaufmann.at\/wp-content\/uploads\/2020\/10\/Hahnzimmer-2.jpg\" class=\"sow-slider-background-image\" alt=\"\" style=\"\" srcset=\"https:\/\/ferienhof-kaufmann.at\/wp-content\/uploads\/2020\/10\/Hahnzimmer-2.jpg 1200w, https:\/\/ferienhof-kaufmann.at\/wp-content\/uploads\/2020\/10\/Hahnzimmer-2-300x200.jpg 300w, https:\/\/ferienhof-kaufmann.at\/wp-content\/uploads\/2020\/10\/Hahnzimmer-2-1024x684.jpg 1024w, https:\/\/ferienhof-kaufmann.at\/wp-content\/uploads\/2020\/10\/Hahnzimmer-2-768x513.jpg 768w, https:\/\/ferienhof-kaufmann.at\/wp-content\/uploads\/2020\/10\/Hahnzimmer-2-830x554.jpg 830w, https:\/\/ferienhof-kaufmann.at\/wp-content\/uploads\/2020\/10\/Hahnzimmer-2-230x154.jpg 230w, https:\/\/ferienhof-kaufmann.at\/wp-content\/uploads\/2020\/10\/Hahnzimmer-2-350x234.jpg 350w, https:\/\/ferienhof-kaufmann.at\/wp-content\/uploads\/2020\/10\/Hahnzimmer-2-480x320.jpg 480w, https:\/\/ferienhof-kaufmann.at\/wp-content\/uploads\/2020\/10\/Hahnzimmer-2-272x182.jpg 272w\" sizes=\"auto, (max-width: 1200px) 100vw, 1200px\" \/>\t\t<\/li>\n\t\t\t\t<li class=\"sow-slider-image\" style=\"visibility: hidden;\" >\n\t\t\t\t\t\t<img loading=\"lazy\" decoding=\"async\" width=\"900\" height=\"1200\" src=\"https:\/\/ferienhof-kaufmann.at\/wp-content\/uploads\/2018\/04\/IMG_20171203_164540.jpg\" class=\"sow-slider-background-image\" alt=\"\" style=\"\" srcset=\"https:\/\/ferienhof-kaufmann.at\/wp-content\/uploads\/2018\/04\/IMG_20171203_164540.jpg 900w, https:\/\/ferienhof-kaufmann.at\/wp-content\/uploads\/2018\/04\/IMG_20171203_164540-225x300.jpg 225w, https:\/\/ferienhof-kaufmann.at\/wp-content\/uploads\/2018\/04\/IMG_20171203_164540-768x1024.jpg 768w, https:\/\/ferienhof-kaufmann.at\/wp-content\/uploads\/2018\/04\/IMG_20171203_164540-830x1107.jpg 830w, https:\/\/ferienhof-kaufmann.at\/wp-content\/uploads\/2018\/04\/IMG_20171203_164540-230x307.jpg 230w, https:\/\/ferienhof-kaufmann.at\/wp-content\/uploads\/2018\/04\/IMG_20171203_164540-350x467.jpg 350w, https:\/\/ferienhof-kaufmann.at\/wp-content\/uploads\/2018\/04\/IMG_20171203_164540-480x640.jpg 480w\" sizes=\"auto, (max-width: 900px) 100vw, 900px\" \/>\t\t<\/li>\n\t\t\t\t<li class=\"sow-slider-image\" style=\"visibility: hidden;\" >\n\t\t\t\t\t\t<img loading=\"lazy\" decoding=\"async\" width=\"1200\" height=\"764\" src=\"https:\/\/ferienhof-kaufmann.at\/wp-content\/uploads\/2018\/04\/IMG_20171203_164442.jpg\" class=\"sow-slider-background-image\" alt=\"\" style=\"\" srcset=\"https:\/\/ferienhof-kaufmann.at\/wp-content\/uploads\/2018\/04\/IMG_20171203_164442.jpg 1200w, https:\/\/ferienhof-kaufmann.at\/wp-content\/uploads\/2018\/04\/IMG_20171203_164442-300x191.jpg 300w, https:\/\/ferienhof-kaufmann.at\/wp-content\/uploads\/2018\/04\/IMG_20171203_164442-768x489.jpg 768w, https:\/\/ferienhof-kaufmann.at\/wp-content\/uploads\/2018\/04\/IMG_20171203_164442-1024x652.jpg 1024w, https:\/\/ferienhof-kaufmann.at\/wp-content\/uploads\/2018\/04\/IMG_20171203_164442-830x528.jpg 830w, https:\/\/ferienhof-kaufmann.at\/wp-content\/uploads\/2018\/04\/IMG_20171203_164442-230x146.jpg 230w, https:\/\/ferienhof-kaufmann.at\/wp-content\/uploads\/2018\/04\/IMG_20171203_164442-350x223.jpg 350w, https:\/\/ferienhof-kaufmann.at\/wp-content\/uploads\/2018\/04\/IMG_20171203_164442-480x306.jpg 480w\" sizes=\"auto, (max-width: 1200px) 100vw, 1200px\" \/>\t\t<\/li>\n\t\t<\/ul>\t\t\t\t<ol class=\"sow-slider-pagination\">\n\t\t\t\t\t\t\t\t\t\t\t<li><a href=\"#\" data-goto=\"0\" aria-label=\"Display slide 1\"><\/a><\/li>\n\t\t\t\t\t\t\t\t\t\t\t<li><a href=\"#\" data-goto=\"1\" aria-label=\"Display slide 2\"><\/a><\/li>\n\t\t\t\t\t\t\t\t\t\t\t<li><a href=\"#\" data-goto=\"2\" aria-label=\"Display slide 3\"><\/a><\/li>\n\t\t\t\t\t\t\t\t\t\t\t<li><a href=\"#\" data-goto=\"3\" aria-label=\"Display slide 4\"><\/a><\/li>\n\t\t\t\t\t\t\t\t\t\t\t<li><a href=\"#\" data-goto=\"4\" aria-label=\"Display slide 5\"><\/a><\/li>\n\t\t\t\t\t\t\t\t\t<\/ol>\n\n\t\t\t\t<div class=\"sow-slide-nav sow-slide-nav-next\">\n\t\t\t\t\t<a href=\"#\" data-goto=\"next\" aria-label=\"Next slide\" data-action=\"next\">\n\t\t\t\t\t\t<em class=\"sow-sld-icon-thin-right\"><\/em>\n\t\t\t\t\t<\/a>\n\t\t\t\t<\/div>\n\n\t\t\t\t<div class=\"sow-slide-nav sow-slide-nav-prev\">\n\t\t\t\t\t<a href=\"#\" data-goto=\"previous\" aria-label=\"Previous slide\" data-action=\"prev\">\n\t\t\t\t\t\t<em class=\"sow-sld-icon-thin-left\"><\/em>\n\t\t\t\t\t<\/a>\n\t\t\t\t<\/div>\n\t\t\t\t<\/div><\/div><\/div><\/div><\/div><\/div><\/div><\/div>","protected":false},"excerpt":{"rendered":"<p>Das &#8222;Hahn Zimmer&#8220; befindet sich im zweiten Obergeschoss und ist \u00fcber das Treppenhaus erreichbar. Das Zimmer bietet einen seitlichen Seeblick und ist Richtung S\u00fcden ausgerichtet. Im Zimmer befindet sich ein kleines Badezimmer mit Dusche und WC und ein Fernseher mit SAT Anschluss. Das gro\u00dfe komfortable Doppelbett l\u00e4dt zum Ausschlafen ein. Eine \u00dcbernachtung im Hahn Zimmer [&hellip;]<\/p>\n","protected":false},"author":1,"featured_media":0,"parent":0,"menu_order":0,"comment_status":"closed","ping_status":"closed","template":"","meta":{"footnotes":""},"class_list":["post-401","page","type-page","status-publish","hentry"],"yoast_head":"<!-- This site is optimized with the Yoast SEO plugin v26.4 - https:\/\/yoast.com\/wordpress\/plugins\/seo\/ -->\n<title>Hahn Zimmer - Ferienhof Kaufmann<\/title>\n<meta name=\"robots\" content=\"index, follow, max-snippet:-1, max-image-preview:large, max-video-preview:-1\" \/>\n<link rel=\"canonical\" href=\"https:\/\/ferienhof-kaufmann.at\/index.php\/hahn-zimmer\/\" \/>\n<meta property=\"og:locale\" content=\"de_DE\" \/>\n<meta property=\"og:type\" content=\"article\" \/>\n<meta property=\"og:title\" content=\"Hahn Zimmer - Ferienhof Kaufmann\" \/>\n<meta property=\"og:description\" content=\"Das &quot;Hahn Zimmer&quot; befindet sich im zweiten Obergeschoss und ist \u00fcber das Treppenhaus erreichbar. Das Zimmer bietet einen seitlichen Seeblick und ist Richtung S\u00fcden ausgerichtet. Im Zimmer befindet sich ein kleines Badezimmer mit Dusche und WC und ein Fernseher mit SAT Anschluss. Das gro\u00dfe komfortable Doppelbett l\u00e4dt zum Ausschlafen ein. Eine \u00dcbernachtung im Hahn Zimmer [&hellip;]\" \/>\n<meta property=\"og:url\" content=\"https:\/\/ferienhof-kaufmann.at\/index.php\/hahn-zimmer\/\" \/>\n<meta property=\"og:site_name\" content=\"Ferienhof Kaufmann\" \/>\n<meta property=\"article:publisher\" content=\"https:\/\/www.facebook.com\/profile.php?id=100063575891258\" \/>\n<meta property=\"article:modified_time\" content=\"2025-01-26T14:12:53+00:00\" \/>\n<meta property=\"og:image\" content=\"https:\/\/ferienhof-kaufmann.at\/wp-content\/uploads\/2018\/04\/Hahn_small.png\" \/>\n\t<meta property=\"og:image:width\" content=\"80\" \/>\n\t<meta property=\"og:image:height\" content=\"120\" \/>\n\t<meta property=\"og:image:type\" content=\"image\/png\" \/>\n<script type=\"application\/ld+json\" class=\"yoast-schema-graph\">{\"@context\":\"https:\/\/schema.org\",\"@graph\":[{\"@type\":\"WebPage\",\"@id\":\"https:\/\/ferienhof-kaufmann.at\/index.php\/hahn-zimmer\/\",\"url\":\"https:\/\/ferienhof-kaufmann.at\/index.php\/hahn-zimmer\/\",\"name\":\"Hahn Zimmer - Ferienhof Kaufmann\",\"isPartOf\":{\"@id\":\"https:\/\/ferienhof-kaufmann.at\/#website\"},\"primaryImageOfPage\":{\"@id\":\"https:\/\/ferienhof-kaufmann.at\/index.php\/hahn-zimmer\/#primaryimage\"},\"image\":{\"@id\":\"https:\/\/ferienhof-kaufmann.at\/index.php\/hahn-zimmer\/#primaryimage\"},\"thumbnailUrl\":\"http:\/\/ferienhof-kaufmann.at\/wp-content\/uploads\/2018\/04\/Hahn_small.png\",\"datePublished\":\"2018-04-05T19:53:31+00:00\",\"dateModified\":\"2025-01-26T14:12:53+00:00\",\"breadcrumb\":{\"@id\":\"https:\/\/ferienhof-kaufmann.at\/index.php\/hahn-zimmer\/#breadcrumb\"},\"inLanguage\":\"de\",\"potentialAction\":[{\"@type\":\"ReadAction\",\"target\":[\"https:\/\/ferienhof-kaufmann.at\/index.php\/hahn-zimmer\/\"]}]},{\"@type\":\"ImageObject\",\"inLanguage\":\"de\",\"@id\":\"https:\/\/ferienhof-kaufmann.at\/index.php\/hahn-zimmer\/#primaryimage\",\"url\":\"https:\/\/ferienhof-kaufmann.at\/wp-content\/uploads\/2018\/04\/Hahn_small.png\",\"contentUrl\":\"https:\/\/ferienhof-kaufmann.at\/wp-content\/uploads\/2018\/04\/Hahn_small.png\",\"width\":80,\"height\":120},{\"@type\":\"BreadcrumbList\",\"@id\":\"https:\/\/ferienhof-kaufmann.at\/index.php\/hahn-zimmer\/#breadcrumb\",\"itemListElement\":[{\"@type\":\"ListItem\",\"position\":1,\"name\":\"Startseite\",\"item\":\"https:\/\/ferienhof-kaufmann.at\/\"},{\"@type\":\"ListItem\",\"position\":2,\"name\":\"Hahn Zimmer\"}]},{\"@type\":\"WebSite\",\"@id\":\"https:\/\/ferienhof-kaufmann.at\/#website\",\"url\":\"https:\/\/ferienhof-kaufmann.at\/\",\"name\":\"Ferienhof Kaufmann\",\"description\":\"Urlaub am Bodensee\",\"publisher\":{\"@id\":\"https:\/\/ferienhof-kaufmann.at\/#organization\"},\"alternateName\":\"Urlaub auf dem Bauernhof der Familie Kaufmann\",\"potentialAction\":[{\"@type\":\"SearchAction\",\"target\":{\"@type\":\"EntryPoint\",\"urlTemplate\":\"https:\/\/ferienhof-kaufmann.at\/?s={search_term_string}\"},\"query-input\":{\"@type\":\"PropertyValueSpecification\",\"valueRequired\":true,\"valueName\":\"search_term_string\"}}],\"inLanguage\":\"de\"},{\"@type\":\"Organization\",\"@id\":\"https:\/\/ferienhof-kaufmann.at\/#organization\",\"name\":\"Ferienhof Kaufmann\",\"url\":\"https:\/\/ferienhof-kaufmann.at\/\",\"logo\":{\"@type\":\"ImageObject\",\"inLanguage\":\"de\",\"@id\":\"https:\/\/ferienhof-kaufmann.at\/#\/schema\/logo\/image\/\",\"url\":\"https:\/\/ferienhof-kaufmann.at\/wp-content\/uploads\/2017\/10\/Icon.png\",\"contentUrl\":\"https:\/\/ferienhof-kaufmann.at\/wp-content\/uploads\/2017\/10\/Icon.png\",\"width\":500,\"height\":500,\"caption\":\"Ferienhof Kaufmann\"},\"image\":{\"@id\":\"https:\/\/ferienhof-kaufmann.at\/#\/schema\/logo\/image\/\"},\"sameAs\":[\"https:\/\/www.facebook.com\/profile.php?id=100063575891258\"]}]}<\/script>\n<!-- \/ Yoast SEO plugin. -->","yoast_head_json":{"title":"Hahn Zimmer - Ferienhof Kaufmann","robots":{"index":"index","follow":"follow","max-snippet":"max-snippet:-1","max-image-preview":"max-image-preview:large","max-video-preview":"max-video-preview:-1"},"canonical":"https:\/\/ferienhof-kaufmann.at\/index.php\/hahn-zimmer\/","og_locale":"de_DE","og_type":"article","og_title":"Hahn Zimmer - Ferienhof Kaufmann","og_description":"Das \"Hahn Zimmer\" befindet sich im zweiten Obergeschoss und ist \u00fcber das Treppenhaus erreichbar. Das Zimmer bietet einen seitlichen Seeblick und ist Richtung S\u00fcden ausgerichtet. Im Zimmer befindet sich ein kleines Badezimmer mit Dusche und WC und ein Fernseher mit SAT Anschluss. Das gro\u00dfe komfortable Doppelbett l\u00e4dt zum Ausschlafen ein. Eine \u00dcbernachtung im Hahn Zimmer [&hellip;]","og_url":"https:\/\/ferienhof-kaufmann.at\/index.php\/hahn-zimmer\/","og_site_name":"Ferienhof Kaufmann","article_publisher":"https:\/\/www.facebook.com\/profile.php?id=100063575891258","article_modified_time":"2025-01-26T14:12:53+00:00","og_image":[{"width":80,"height":120,"url":"https:\/\/ferienhof-kaufmann.at\/wp-content\/uploads\/2018\/04\/Hahn_small.png","type":"image\/png"}],"schema":{"@context":"https:\/\/schema.org","@graph":[{"@type":"WebPage","@id":"https:\/\/ferienhof-kaufmann.at\/index.php\/hahn-zimmer\/","url":"https:\/\/ferienhof-kaufmann.at\/index.php\/hahn-zimmer\/","name":"Hahn Zimmer - Ferienhof Kaufmann","isPartOf":{"@id":"https:\/\/ferienhof-kaufmann.at\/#website"},"primaryImageOfPage":{"@id":"https:\/\/ferienhof-kaufmann.at\/index.php\/hahn-zimmer\/#primaryimage"},"image":{"@id":"https:\/\/ferienhof-kaufmann.at\/index.php\/hahn-zimmer\/#primaryimage"},"thumbnailUrl":"http:\/\/ferienhof-kaufmann.at\/wp-content\/uploads\/2018\/04\/Hahn_small.png","datePublished":"2018-04-05T19:53:31+00:00","dateModified":"2025-01-26T14:12:53+00:00","breadcrumb":{"@id":"https:\/\/ferienhof-kaufmann.at\/index.php\/hahn-zimmer\/#breadcrumb"},"inLanguage":"de","potentialAction":[{"@type":"ReadAction","target":["https:\/\/ferienhof-kaufmann.at\/index.php\/hahn-zimmer\/"]}]},{"@type":"ImageObject","inLanguage":"de","@id":"https:\/\/ferienhof-kaufmann.at\/index.php\/hahn-zimmer\/#primaryimage","url":"https:\/\/ferienhof-kaufmann.at\/wp-content\/uploads\/2018\/04\/Hahn_small.png","contentUrl":"https:\/\/ferienhof-kaufmann.at\/wp-content\/uploads\/2018\/04\/Hahn_small.png","width":80,"height":120},{"@type":"BreadcrumbList","@id":"https:\/\/ferienhof-kaufmann.at\/index.php\/hahn-zimmer\/#breadcrumb","itemListElement":[{"@type":"ListItem","position":1,"name":"Startseite","item":"https:\/\/ferienhof-kaufmann.at\/"},{"@type":"ListItem","position":2,"name":"Hahn Zimmer"}]},{"@type":"WebSite","@id":"https:\/\/ferienhof-kaufmann.at\/#website","url":"https:\/\/ferienhof-kaufmann.at\/","name":"Ferienhof Kaufmann","description":"Urlaub am Bodensee","publisher":{"@id":"https:\/\/ferienhof-kaufmann.at\/#organization"},"alternateName":"Urlaub auf dem Bauernhof der Familie Kaufmann","potentialAction":[{"@type":"SearchAction","target":{"@type":"EntryPoint","urlTemplate":"https:\/\/ferienhof-kaufmann.at\/?s={search_term_string}"},"query-input":{"@type":"PropertyValueSpecification","valueRequired":true,"valueName":"search_term_string"}}],"inLanguage":"de"},{"@type":"Organization","@id":"https:\/\/ferienhof-kaufmann.at\/#organization","name":"Ferienhof Kaufmann","url":"https:\/\/ferienhof-kaufmann.at\/","logo":{"@type":"ImageObject","inLanguage":"de","@id":"https:\/\/ferienhof-kaufmann.at\/#\/schema\/logo\/image\/","url":"https:\/\/ferienhof-kaufmann.at\/wp-content\/uploads\/2017\/10\/Icon.png","contentUrl":"https:\/\/ferienhof-kaufmann.at\/wp-content\/uploads\/2017\/10\/Icon.png","width":500,"height":500,"caption":"Ferienhof Kaufmann"},"image":{"@id":"https:\/\/ferienhof-kaufmann.at\/#\/schema\/logo\/image\/"},"sameAs":["https:\/\/www.facebook.com\/profile.php?id=100063575891258"]}]}},"_links":{"self":[{"href":"https:\/\/ferienhof-kaufmann.at\/index.php\/wp-json\/wp\/v2\/pages\/401","targetHints":{"allow":["GET"]}}],"collection":[{"href":"https:\/\/ferienhof-kaufmann.at\/index.php\/wp-json\/wp\/v2\/pages"}],"about":[{"href":"https:\/\/ferienhof-kaufmann.at\/index.php\/wp-json\/wp\/v2\/types\/page"}],"author":[{"embeddable":true,"href":"https:\/\/ferienhof-kaufmann.at\/index.php\/wp-json\/wp\/v2\/users\/1"}],"replies":[{"embeddable":true,"href":"https:\/\/ferienhof-kaufmann.at\/index.php\/wp-json\/wp\/v2\/comments?post=401"}],"version-history":[{"count":24,"href":"https:\/\/ferienhof-kaufmann.at\/index.php\/wp-json\/wp\/v2\/pages\/401\/revisions"}],"predecessor-version":[{"id":1001,"href":"https:\/\/ferienhof-kaufmann.at\/index.php\/wp-json\/wp\/v2\/pages\/401\/revisions\/1001"}],"wp:attachment":[{"href":"https:\/\/ferienhof-kaufmann.at\/index.php\/wp-json\/wp\/v2\/media?parent=401"}],"curies":[{"name":"wp","href":"https:\/\/api.w.org\/{rel}","templated":true}]}}