{"id":402,"date":"2018-04-05T21:53:31","date_gmt":"2018-04-05T19:53:31","guid":{"rendered":"http:\/\/ferienhof-kaufmann.at\/?page_id=402"},"modified":"2025-01-26T14:51:23","modified_gmt":"2025-01-26T13:51:23","slug":"schweinchen-zimmer","status":"publish","type":"page","link":"https:\/\/ferienhof-kaufmann.at\/index.php\/schweinchen-zimmer\/","title":{"rendered":"Schweinchen Zimmer"},"content":{"rendered":"<div id=\"pl-402\"  class=\"panel-layout\" ><div id=\"pg-402-0\"  class=\"panel-grid panel-has-style\" ><div style=\"padding: 100px 0; \" data-overlay=\"true\" data-overlay-color=\"#000000\" class=\"panel-row-style panel-row-style-for-402-0\" ><div id=\"pgc-402-0-0\"  class=\"panel-grid-cell\" ><div id=\"panel-402-0-0-0\" class=\"so-panel widget widget_sow-editor panel-first-child panel-last-child\" data-index=\"0\" ><div style=\"text-align: left;\" data-title-color=\"#443f3f\" data-headings-color=\"#443f3f\" class=\"panel-widget-style panel-widget-style-for-402-0-0-0\" ><div\n\t\t\t\n\t\t\tclass=\"so-widget-sow-editor so-widget-sow-editor-base\"\n\t\t\t\n\t\t><h3 class=\"widget-title\">Willkommen im Schweinchen Zimmer<\/h3>\n<div class=\"siteorigin-widget-tinymce textwidget\">\n\t<p><img loading=\"lazy\" decoding=\"async\" class=\"alignleft size-full wp-image-473\" src=\"http:\/\/ferienhof-kaufmann.at\/wp-content\/uploads\/2018\/04\/Schweinchen_small.png\" alt=\"\" width=\"78\" height=\"120\" \/>Das \"Schweinchen Zimmer\" befindet sich im zweiten Obergeschoss und ist \u00fcber das Treppenhaus erreichbar. Das Zimmer bietet einen seitlichen Seeblick und ist Richtung S\u00fcden ausgerichtet. Im Zimmer befindet sich ein gro\u00dfz\u00fcgiges Badezimmer mit Dusche, WC und Dachfenster. Zudem finden Sie im Zimmer einen Fernseher mit SAT Anschluss. Das gro\u00dfe komfortable Doppelbett l\u00e4dt zum Ausschlafen ein.<\/p>\n<p>Eine \u00dcbernachtung im Schweinchen Zimmer kostet je nach Aufenthaltsdauer ab \u20ac 42 pro Person.<\/p>\n<\/div>\n<\/div><\/div><\/div><\/div><div id=\"pgc-402-0-1\"  class=\"panel-grid-cell\" ><div id=\"panel-402-0-1-0\" class=\"so-panel widget widget_sow-slider panel-first-child panel-last-child\" data-index=\"1\" ><div style=\"text-align: left;\" data-title-color=\"#443f3f\" data-headings-color=\"#443f3f\" class=\"panel-widget-style panel-widget-style-for-402-0-1-0\" ><div\n\t\t\t\n\t\t\tclass=\"so-widget-sow-slider so-widget-sow-slider-default-6d39609536fd-402\"\n\t\t\t\n\t\t>\t\t\t\t<div class=\"sow-slider-base\" style=\"display: none\" tabindex=\"0\">\n\t\t\t\t\t<ul\n\t\t\t\t\tclass=\"sow-slider-images\"\n\t\t\t\t\tdata-settings=\"{&quot;pagination&quot;:true,&quot;speed&quot;:800,&quot;timeout&quot;:8000,&quot;paused&quot;:false,&quot;pause_on_hover&quot;:false,&quot;swipe&quot;:true,&quot;nav_always_show_desktop&quot;:&quot;&quot;,&quot;nav_always_show_mobile&quot;:&quot;&quot;,&quot;breakpoint&quot;:&quot;780px&quot;,&quot;unmute&quot;:false,&quot;anchor&quot;:null}\"\n\t\t\t\t\t\t\t\t\t\tdata-anchor-id=\"\"\n\t\t\t\t>\t\t<li class=\"sow-slider-image\" style=\"visibility: visible;\" >\n\t\t\t\t\t\t<img loading=\"lazy\" decoding=\"async\" width=\"1200\" height=\"799\" src=\"https:\/\/ferienhof-kaufmann.at\/wp-content\/uploads\/2020\/10\/Schweinchenzimmer-2.jpg\" class=\"sow-slider-background-image\" alt=\"\" style=\"\" srcset=\"https:\/\/ferienhof-kaufmann.at\/wp-content\/uploads\/2020\/10\/Schweinchenzimmer-2.jpg 1200w, https:\/\/ferienhof-kaufmann.at\/wp-content\/uploads\/2020\/10\/Schweinchenzimmer-2-300x200.jpg 300w, https:\/\/ferienhof-kaufmann.at\/wp-content\/uploads\/2020\/10\/Schweinchenzimmer-2-1024x682.jpg 1024w, https:\/\/ferienhof-kaufmann.at\/wp-content\/uploads\/2020\/10\/Schweinchenzimmer-2-768x511.jpg 768w, https:\/\/ferienhof-kaufmann.at\/wp-content\/uploads\/2020\/10\/Schweinchenzimmer-2-830x553.jpg 830w, https:\/\/ferienhof-kaufmann.at\/wp-content\/uploads\/2020\/10\/Schweinchenzimmer-2-230x153.jpg 230w, https:\/\/ferienhof-kaufmann.at\/wp-content\/uploads\/2020\/10\/Schweinchenzimmer-2-350x233.jpg 350w, https:\/\/ferienhof-kaufmann.at\/wp-content\/uploads\/2020\/10\/Schweinchenzimmer-2-480x320.jpg 480w, https:\/\/ferienhof-kaufmann.at\/wp-content\/uploads\/2020\/10\/Schweinchenzimmer-2-272x182.jpg 272w\" sizes=\"auto, (max-width: 1200px) 100vw, 1200px\" \/>\t\t<\/li>\n\t\t\t\t<li class=\"sow-slider-image\" style=\"visibility: hidden;\" >\n\t\t\t\t\t\t<img loading=\"lazy\" decoding=\"async\" width=\"1200\" height=\"799\" src=\"https:\/\/ferienhof-kaufmann.at\/wp-content\/uploads\/2020\/10\/Schweinchenzimmer.jpg\" class=\"sow-slider-background-image\" alt=\"\" style=\"\" srcset=\"https:\/\/ferienhof-kaufmann.at\/wp-content\/uploads\/2020\/10\/Schweinchenzimmer.jpg 1200w, https:\/\/ferienhof-kaufmann.at\/wp-content\/uploads\/2020\/10\/Schweinchenzimmer-300x200.jpg 300w, https:\/\/ferienhof-kaufmann.at\/wp-content\/uploads\/2020\/10\/Schweinchenzimmer-1024x682.jpg 1024w, https:\/\/ferienhof-kaufmann.at\/wp-content\/uploads\/2020\/10\/Schweinchenzimmer-768x511.jpg 768w, https:\/\/ferienhof-kaufmann.at\/wp-content\/uploads\/2020\/10\/Schweinchenzimmer-830x553.jpg 830w, https:\/\/ferienhof-kaufmann.at\/wp-content\/uploads\/2020\/10\/Schweinchenzimmer-230x153.jpg 230w, https:\/\/ferienhof-kaufmann.at\/wp-content\/uploads\/2020\/10\/Schweinchenzimmer-350x233.jpg 350w, https:\/\/ferienhof-kaufmann.at\/wp-content\/uploads\/2020\/10\/Schweinchenzimmer-480x320.jpg 480w, https:\/\/ferienhof-kaufmann.at\/wp-content\/uploads\/2020\/10\/Schweinchenzimmer-272x182.jpg 272w\" sizes=\"auto, (max-width: 1200px) 100vw, 1200px\" \/>\t\t<\/li>\n\t\t\t\t<li class=\"sow-slider-image\" style=\"visibility: hidden;\" >\n\t\t\t\t\t\t<img loading=\"lazy\" decoding=\"async\" width=\"1200\" height=\"581\" src=\"https:\/\/ferienhof-kaufmann.at\/wp-content\/uploads\/2018\/04\/IMG_20171203_163949.jpg\" class=\"sow-slider-background-image\" alt=\"\" style=\"\" srcset=\"https:\/\/ferienhof-kaufmann.at\/wp-content\/uploads\/2018\/04\/IMG_20171203_163949.jpg 1200w, https:\/\/ferienhof-kaufmann.at\/wp-content\/uploads\/2018\/04\/IMG_20171203_163949-300x145.jpg 300w, https:\/\/ferienhof-kaufmann.at\/wp-content\/uploads\/2018\/04\/IMG_20171203_163949-768x372.jpg 768w, https:\/\/ferienhof-kaufmann.at\/wp-content\/uploads\/2018\/04\/IMG_20171203_163949-1024x496.jpg 1024w, https:\/\/ferienhof-kaufmann.at\/wp-content\/uploads\/2018\/04\/IMG_20171203_163949-830x402.jpg 830w, https:\/\/ferienhof-kaufmann.at\/wp-content\/uploads\/2018\/04\/IMG_20171203_163949-230x111.jpg 230w, https:\/\/ferienhof-kaufmann.at\/wp-content\/uploads\/2018\/04\/IMG_20171203_163949-350x169.jpg 350w, https:\/\/ferienhof-kaufmann.at\/wp-content\/uploads\/2018\/04\/IMG_20171203_163949-480x232.jpg 480w\" sizes=\"auto, (max-width: 1200px) 100vw, 1200px\" \/>\t\t<\/li>\n\t\t\t\t<li class=\"sow-slider-image\" style=\"visibility: hidden;\" >\n\t\t\t\t\t\t<img loading=\"lazy\" decoding=\"async\" width=\"1200\" height=\"594\" src=\"https:\/\/ferienhof-kaufmann.at\/wp-content\/uploads\/2018\/04\/IMG_20171203_164014.jpg\" class=\"sow-slider-background-image\" alt=\"\" style=\"\" srcset=\"https:\/\/ferienhof-kaufmann.at\/wp-content\/uploads\/2018\/04\/IMG_20171203_164014.jpg 1200w, https:\/\/ferienhof-kaufmann.at\/wp-content\/uploads\/2018\/04\/IMG_20171203_164014-300x149.jpg 300w, https:\/\/ferienhof-kaufmann.at\/wp-content\/uploads\/2018\/04\/IMG_20171203_164014-768x380.jpg 768w, https:\/\/ferienhof-kaufmann.at\/wp-content\/uploads\/2018\/04\/IMG_20171203_164014-1024x507.jpg 1024w, https:\/\/ferienhof-kaufmann.at\/wp-content\/uploads\/2018\/04\/IMG_20171203_164014-830x411.jpg 830w, https:\/\/ferienhof-kaufmann.at\/wp-content\/uploads\/2018\/04\/IMG_20171203_164014-230x114.jpg 230w, https:\/\/ferienhof-kaufmann.at\/wp-content\/uploads\/2018\/04\/IMG_20171203_164014-350x173.jpg 350w, https:\/\/ferienhof-kaufmann.at\/wp-content\/uploads\/2018\/04\/IMG_20171203_164014-480x238.jpg 480w\" sizes=\"auto, (max-width: 1200px) 100vw, 1200px\" \/>\t\t<\/li>\n\t\t\t\t<li class=\"sow-slider-image\" style=\"visibility: hidden;\" >\n\t\t\t\t\t\t<img loading=\"lazy\" decoding=\"async\" width=\"900\" height=\"1200\" src=\"https:\/\/ferienhof-kaufmann.at\/wp-content\/uploads\/2018\/04\/IMG_20171203_164057.jpg\" class=\"sow-slider-background-image\" alt=\"\" style=\"\" srcset=\"https:\/\/ferienhof-kaufmann.at\/wp-content\/uploads\/2018\/04\/IMG_20171203_164057.jpg 900w, https:\/\/ferienhof-kaufmann.at\/wp-content\/uploads\/2018\/04\/IMG_20171203_164057-225x300.jpg 225w, https:\/\/ferienhof-kaufmann.at\/wp-content\/uploads\/2018\/04\/IMG_20171203_164057-768x1024.jpg 768w, https:\/\/ferienhof-kaufmann.at\/wp-content\/uploads\/2018\/04\/IMG_20171203_164057-830x1107.jpg 830w, https:\/\/ferienhof-kaufmann.at\/wp-content\/uploads\/2018\/04\/IMG_20171203_164057-230x307.jpg 230w, https:\/\/ferienhof-kaufmann.at\/wp-content\/uploads\/2018\/04\/IMG_20171203_164057-350x467.jpg 350w, https:\/\/ferienhof-kaufmann.at\/wp-content\/uploads\/2018\/04\/IMG_20171203_164057-480x640.jpg 480w\" sizes=\"auto, (max-width: 900px) 100vw, 900px\" \/>\t\t<\/li>\n\t\t\t\t<li class=\"sow-slider-image\" style=\"visibility: hidden;\" >\n\t\t\t\t\t\t<img loading=\"lazy\" decoding=\"async\" width=\"900\" height=\"1200\" src=\"https:\/\/ferienhof-kaufmann.at\/wp-content\/uploads\/2018\/04\/IMG_20171203_164125.jpg\" class=\"sow-slider-background-image\" alt=\"\" style=\"\" srcset=\"https:\/\/ferienhof-kaufmann.at\/wp-content\/uploads\/2018\/04\/IMG_20171203_164125.jpg 900w, https:\/\/ferienhof-kaufmann.at\/wp-content\/uploads\/2018\/04\/IMG_20171203_164125-225x300.jpg 225w, https:\/\/ferienhof-kaufmann.at\/wp-content\/uploads\/2018\/04\/IMG_20171203_164125-768x1024.jpg 768w, https:\/\/ferienhof-kaufmann.at\/wp-content\/uploads\/2018\/04\/IMG_20171203_164125-830x1107.jpg 830w, https:\/\/ferienhof-kaufmann.at\/wp-content\/uploads\/2018\/04\/IMG_20171203_164125-230x307.jpg 230w, https:\/\/ferienhof-kaufmann.at\/wp-content\/uploads\/2018\/04\/IMG_20171203_164125-350x467.jpg 350w, https:\/\/ferienhof-kaufmann.at\/wp-content\/uploads\/2018\/04\/IMG_20171203_164125-480x640.jpg 480w\" sizes=\"auto, (max-width: 900px) 100vw, 900px\" \/>\t\t<\/li>\n\t\t<\/ul>\t\t\t\t<ol class=\"sow-slider-pagination\">\n\t\t\t\t\t\t\t\t\t\t\t<li><a href=\"#\" data-goto=\"0\" aria-label=\"Display slide 1\"><\/a><\/li>\n\t\t\t\t\t\t\t\t\t\t\t<li><a href=\"#\" data-goto=\"1\" aria-label=\"Display slide 2\"><\/a><\/li>\n\t\t\t\t\t\t\t\t\t\t\t<li><a href=\"#\" data-goto=\"2\" aria-label=\"Display slide 3\"><\/a><\/li>\n\t\t\t\t\t\t\t\t\t\t\t<li><a href=\"#\" data-goto=\"3\" aria-label=\"Display slide 4\"><\/a><\/li>\n\t\t\t\t\t\t\t\t\t\t\t<li><a href=\"#\" data-goto=\"4\" aria-label=\"Display slide 5\"><\/a><\/li>\n\t\t\t\t\t\t\t\t\t\t\t<li><a href=\"#\" data-goto=\"5\" aria-label=\"Display slide 6\"><\/a><\/li>\n\t\t\t\t\t\t\t\t\t<\/ol>\n\n\t\t\t\t<div class=\"sow-slide-nav sow-slide-nav-next\">\n\t\t\t\t\t<a href=\"#\" data-goto=\"next\" aria-label=\"Next slide\" data-action=\"next\">\n\t\t\t\t\t\t<em class=\"sow-sld-icon-thin-right\"><\/em>\n\t\t\t\t\t<\/a>\n\t\t\t\t<\/div>\n\n\t\t\t\t<div class=\"sow-slide-nav sow-slide-nav-prev\">\n\t\t\t\t\t<a href=\"#\" data-goto=\"previous\" aria-label=\"Previous slide\" data-action=\"prev\">\n\t\t\t\t\t\t<em class=\"sow-sld-icon-thin-left\"><\/em>\n\t\t\t\t\t<\/a>\n\t\t\t\t<\/div>\n\t\t\t\t<\/div><\/div><\/div><\/div><\/div><\/div><\/div><\/div>","protected":false},"excerpt":{"rendered":"<p>Das &#8222;Schweinchen Zimmer&#8220; befindet sich im zweiten Obergeschoss und ist \u00fcber das Treppenhaus erreichbar. Das Zimmer bietet einen seitlichen Seeblick und ist Richtung S\u00fcden ausgerichtet. Im Zimmer befindet sich ein gro\u00dfz\u00fcgiges Badezimmer mit Dusche, WC und Dachfenster. Zudem finden Sie im Zimmer einen Fernseher mit SAT Anschluss. Das gro\u00dfe komfortable Doppelbett l\u00e4dt zum Ausschlafen ein. [&hellip;]<\/p>\n","protected":false},"author":1,"featured_media":0,"parent":0,"menu_order":0,"comment_status":"closed","ping_status":"closed","template":"","meta":{"footnotes":""},"class_list":["post-402","page","type-page","status-publish","hentry"],"yoast_head":"<!-- This site is optimized with the Yoast SEO plugin v26.4 - https:\/\/yoast.com\/wordpress\/plugins\/seo\/ -->\n<title>Schweinchen Zimmer - Ferienhof Kaufmann<\/title>\n<meta name=\"robots\" content=\"index, follow, max-snippet:-1, max-image-preview:large, max-video-preview:-1\" \/>\n<link rel=\"canonical\" href=\"https:\/\/ferienhof-kaufmann.at\/index.php\/schweinchen-zimmer\/\" \/>\n<meta property=\"og:locale\" content=\"de_DE\" \/>\n<meta property=\"og:type\" content=\"article\" \/>\n<meta property=\"og:title\" content=\"Schweinchen Zimmer - Ferienhof Kaufmann\" \/>\n<meta property=\"og:description\" content=\"Das &quot;Schweinchen Zimmer&quot; befindet sich im zweiten Obergeschoss und ist \u00fcber das Treppenhaus erreichbar. Das Zimmer bietet einen seitlichen Seeblick und ist Richtung S\u00fcden ausgerichtet. Im Zimmer befindet sich ein gro\u00dfz\u00fcgiges Badezimmer mit Dusche, WC und Dachfenster. Zudem finden Sie im Zimmer einen Fernseher mit SAT Anschluss. Das gro\u00dfe komfortable Doppelbett l\u00e4dt zum Ausschlafen ein. [&hellip;]\" \/>\n<meta property=\"og:url\" content=\"https:\/\/ferienhof-kaufmann.at\/index.php\/schweinchen-zimmer\/\" \/>\n<meta property=\"og:site_name\" content=\"Ferienhof Kaufmann\" \/>\n<meta property=\"article:publisher\" content=\"https:\/\/www.facebook.com\/profile.php?id=100063575891258\" \/>\n<meta property=\"article:modified_time\" content=\"2025-01-26T13:51:23+00:00\" \/>\n<meta property=\"og:image\" content=\"https:\/\/ferienhof-kaufmann.at\/wp-content\/uploads\/2018\/04\/Schweinchen_small.png\" \/>\n\t<meta property=\"og:image:width\" content=\"78\" \/>\n\t<meta property=\"og:image:height\" content=\"120\" \/>\n\t<meta property=\"og:image:type\" content=\"image\/png\" \/>\n<script type=\"application\/ld+json\" class=\"yoast-schema-graph\">{\"@context\":\"https:\/\/schema.org\",\"@graph\":[{\"@type\":\"WebPage\",\"@id\":\"https:\/\/ferienhof-kaufmann.at\/index.php\/schweinchen-zimmer\/\",\"url\":\"https:\/\/ferienhof-kaufmann.at\/index.php\/schweinchen-zimmer\/\",\"name\":\"Schweinchen Zimmer - Ferienhof Kaufmann\",\"isPartOf\":{\"@id\":\"https:\/\/ferienhof-kaufmann.at\/#website\"},\"primaryImageOfPage\":{\"@id\":\"https:\/\/ferienhof-kaufmann.at\/index.php\/schweinchen-zimmer\/#primaryimage\"},\"image\":{\"@id\":\"https:\/\/ferienhof-kaufmann.at\/index.php\/schweinchen-zimmer\/#primaryimage\"},\"thumbnailUrl\":\"http:\/\/ferienhof-kaufmann.at\/wp-content\/uploads\/2018\/04\/Schweinchen_small.png\",\"datePublished\":\"2018-04-05T19:53:31+00:00\",\"dateModified\":\"2025-01-26T13:51:23+00:00\",\"breadcrumb\":{\"@id\":\"https:\/\/ferienhof-kaufmann.at\/index.php\/schweinchen-zimmer\/#breadcrumb\"},\"inLanguage\":\"de\",\"potentialAction\":[{\"@type\":\"ReadAction\",\"target\":[\"https:\/\/ferienhof-kaufmann.at\/index.php\/schweinchen-zimmer\/\"]}]},{\"@type\":\"ImageObject\",\"inLanguage\":\"de\",\"@id\":\"https:\/\/ferienhof-kaufmann.at\/index.php\/schweinchen-zimmer\/#primaryimage\",\"url\":\"https:\/\/ferienhof-kaufmann.at\/wp-content\/uploads\/2018\/04\/Schweinchen_small.png\",\"contentUrl\":\"https:\/\/ferienhof-kaufmann.at\/wp-content\/uploads\/2018\/04\/Schweinchen_small.png\",\"width\":78,\"height\":120},{\"@type\":\"BreadcrumbList\",\"@id\":\"https:\/\/ferienhof-kaufmann.at\/index.php\/schweinchen-zimmer\/#breadcrumb\",\"itemListElement\":[{\"@type\":\"ListItem\",\"position\":1,\"name\":\"Startseite\",\"item\":\"https:\/\/ferienhof-kaufmann.at\/\"},{\"@type\":\"ListItem\",\"position\":2,\"name\":\"Schweinchen Zimmer\"}]},{\"@type\":\"WebSite\",\"@id\":\"https:\/\/ferienhof-kaufmann.at\/#website\",\"url\":\"https:\/\/ferienhof-kaufmann.at\/\",\"name\":\"Ferienhof Kaufmann\",\"description\":\"Urlaub am Bodensee\",\"publisher\":{\"@id\":\"https:\/\/ferienhof-kaufmann.at\/#organization\"},\"alternateName\":\"Urlaub auf dem Bauernhof der Familie Kaufmann\",\"potentialAction\":[{\"@type\":\"SearchAction\",\"target\":{\"@type\":\"EntryPoint\",\"urlTemplate\":\"https:\/\/ferienhof-kaufmann.at\/?s={search_term_string}\"},\"query-input\":{\"@type\":\"PropertyValueSpecification\",\"valueRequired\":true,\"valueName\":\"search_term_string\"}}],\"inLanguage\":\"de\"},{\"@type\":\"Organization\",\"@id\":\"https:\/\/ferienhof-kaufmann.at\/#organization\",\"name\":\"Ferienhof Kaufmann\",\"url\":\"https:\/\/ferienhof-kaufmann.at\/\",\"logo\":{\"@type\":\"ImageObject\",\"inLanguage\":\"de\",\"@id\":\"https:\/\/ferienhof-kaufmann.at\/#\/schema\/logo\/image\/\",\"url\":\"https:\/\/ferienhof-kaufmann.at\/wp-content\/uploads\/2017\/10\/Icon.png\",\"contentUrl\":\"https:\/\/ferienhof-kaufmann.at\/wp-content\/uploads\/2017\/10\/Icon.png\",\"width\":500,\"height\":500,\"caption\":\"Ferienhof Kaufmann\"},\"image\":{\"@id\":\"https:\/\/ferienhof-kaufmann.at\/#\/schema\/logo\/image\/\"},\"sameAs\":[\"https:\/\/www.facebook.com\/profile.php?id=100063575891258\"]}]}<\/script>\n<!-- \/ Yoast SEO plugin. -->","yoast_head_json":{"title":"Schweinchen Zimmer - Ferienhof Kaufmann","robots":{"index":"index","follow":"follow","max-snippet":"max-snippet:-1","max-image-preview":"max-image-preview:large","max-video-preview":"max-video-preview:-1"},"canonical":"https:\/\/ferienhof-kaufmann.at\/index.php\/schweinchen-zimmer\/","og_locale":"de_DE","og_type":"article","og_title":"Schweinchen Zimmer - Ferienhof Kaufmann","og_description":"Das \"Schweinchen Zimmer\" befindet sich im zweiten Obergeschoss und ist \u00fcber das Treppenhaus erreichbar. Das Zimmer bietet einen seitlichen Seeblick und ist Richtung S\u00fcden ausgerichtet. Im Zimmer befindet sich ein gro\u00dfz\u00fcgiges Badezimmer mit Dusche, WC und Dachfenster. Zudem finden Sie im Zimmer einen Fernseher mit SAT Anschluss. Das gro\u00dfe komfortable Doppelbett l\u00e4dt zum Ausschlafen ein. [&hellip;]","og_url":"https:\/\/ferienhof-kaufmann.at\/index.php\/schweinchen-zimmer\/","og_site_name":"Ferienhof Kaufmann","article_publisher":"https:\/\/www.facebook.com\/profile.php?id=100063575891258","article_modified_time":"2025-01-26T13:51:23+00:00","og_image":[{"width":78,"height":120,"url":"https:\/\/ferienhof-kaufmann.at\/wp-content\/uploads\/2018\/04\/Schweinchen_small.png","type":"image\/png"}],"schema":{"@context":"https:\/\/schema.org","@graph":[{"@type":"WebPage","@id":"https:\/\/ferienhof-kaufmann.at\/index.php\/schweinchen-zimmer\/","url":"https:\/\/ferienhof-kaufmann.at\/index.php\/schweinchen-zimmer\/","name":"Schweinchen Zimmer - Ferienhof Kaufmann","isPartOf":{"@id":"https:\/\/ferienhof-kaufmann.at\/#website"},"primaryImageOfPage":{"@id":"https:\/\/ferienhof-kaufmann.at\/index.php\/schweinchen-zimmer\/#primaryimage"},"image":{"@id":"https:\/\/ferienhof-kaufmann.at\/index.php\/schweinchen-zimmer\/#primaryimage"},"thumbnailUrl":"http:\/\/ferienhof-kaufmann.at\/wp-content\/uploads\/2018\/04\/Schweinchen_small.png","datePublished":"2018-04-05T19:53:31+00:00","dateModified":"2025-01-26T13:51:23+00:00","breadcrumb":{"@id":"https:\/\/ferienhof-kaufmann.at\/index.php\/schweinchen-zimmer\/#breadcrumb"},"inLanguage":"de","potentialAction":[{"@type":"ReadAction","target":["https:\/\/ferienhof-kaufmann.at\/index.php\/schweinchen-zimmer\/"]}]},{"@type":"ImageObject","inLanguage":"de","@id":"https:\/\/ferienhof-kaufmann.at\/index.php\/schweinchen-zimmer\/#primaryimage","url":"https:\/\/ferienhof-kaufmann.at\/wp-content\/uploads\/2018\/04\/Schweinchen_small.png","contentUrl":"https:\/\/ferienhof-kaufmann.at\/wp-content\/uploads\/2018\/04\/Schweinchen_small.png","width":78,"height":120},{"@type":"BreadcrumbList","@id":"https:\/\/ferienhof-kaufmann.at\/index.php\/schweinchen-zimmer\/#breadcrumb","itemListElement":[{"@type":"ListItem","position":1,"name":"Startseite","item":"https:\/\/ferienhof-kaufmann.at\/"},{"@type":"ListItem","position":2,"name":"Schweinchen Zimmer"}]},{"@type":"WebSite","@id":"https:\/\/ferienhof-kaufmann.at\/#website","url":"https:\/\/ferienhof-kaufmann.at\/","name":"Ferienhof Kaufmann","description":"Urlaub am Bodensee","publisher":{"@id":"https:\/\/ferienhof-kaufmann.at\/#organization"},"alternateName":"Urlaub auf dem Bauernhof der Familie Kaufmann","potentialAction":[{"@type":"SearchAction","target":{"@type":"EntryPoint","urlTemplate":"https:\/\/ferienhof-kaufmann.at\/?s={search_term_string}"},"query-input":{"@type":"PropertyValueSpecification","valueRequired":true,"valueName":"search_term_string"}}],"inLanguage":"de"},{"@type":"Organization","@id":"https:\/\/ferienhof-kaufmann.at\/#organization","name":"Ferienhof Kaufmann","url":"https:\/\/ferienhof-kaufmann.at\/","logo":{"@type":"ImageObject","inLanguage":"de","@id":"https:\/\/ferienhof-kaufmann.at\/#\/schema\/logo\/image\/","url":"https:\/\/ferienhof-kaufmann.at\/wp-content\/uploads\/2017\/10\/Icon.png","contentUrl":"https:\/\/ferienhof-kaufmann.at\/wp-content\/uploads\/2017\/10\/Icon.png","width":500,"height":500,"caption":"Ferienhof Kaufmann"},"image":{"@id":"https:\/\/ferienhof-kaufmann.at\/#\/schema\/logo\/image\/"},"sameAs":["https:\/\/www.facebook.com\/profile.php?id=100063575891258"]}]}},"_links":{"self":[{"href":"https:\/\/ferienhof-kaufmann.at\/index.php\/wp-json\/wp\/v2\/pages\/402","targetHints":{"allow":["GET"]}}],"collection":[{"href":"https:\/\/ferienhof-kaufmann.at\/index.php\/wp-json\/wp\/v2\/pages"}],"about":[{"href":"https:\/\/ferienhof-kaufmann.at\/index.php\/wp-json\/wp\/v2\/types\/page"}],"author":[{"embeddable":true,"href":"https:\/\/ferienhof-kaufmann.at\/index.php\/wp-json\/wp\/v2\/users\/1"}],"replies":[{"embeddable":true,"href":"https:\/\/ferienhof-kaufmann.at\/index.php\/wp-json\/wp\/v2\/comments?post=402"}],"version-history":[{"count":19,"href":"https:\/\/ferienhof-kaufmann.at\/index.php\/wp-json\/wp\/v2\/pages\/402\/revisions"}],"predecessor-version":[{"id":993,"href":"https:\/\/ferienhof-kaufmann.at\/index.php\/wp-json\/wp\/v2\/pages\/402\/revisions\/993"}],"wp:attachment":[{"href":"https:\/\/ferienhof-kaufmann.at\/index.php\/wp-json\/wp\/v2\/media?parent=402"}],"curies":[{"name":"wp","href":"https:\/\/api.w.org\/{rel}","templated":true}]}}