{"id":88,"date":"2007-07-02T11:40:40","date_gmt":"2007-07-02T09:40:40","guid":{"rendered":"http:\/\/wp.ferienhof-kaufmann.at\/index.php\/wie-finden-sie-uns\/"},"modified":"2025-11-26T20:51:35","modified_gmt":"2025-11-26T19:51:35","slug":"anreise","status":"publish","type":"page","link":"https:\/\/ferienhof-kaufmann.at\/index.php\/anreise\/","title":{"rendered":"Anreise"},"content":{"rendered":"<div id=\"pl-88\"  class=\"panel-layout\" ><div id=\"pg-88-0\"  class=\"panel-grid panel-has-style\" ><div style=\"padding: 100px 0; \" data-overlay=\"true\" data-overlay-color=\"#000000\" class=\"panel-row-style panel-row-style-for-88-0\" ><div id=\"pgc-88-0-0\"  class=\"panel-grid-cell\" ><div id=\"panel-88-0-0-0\" class=\"so-panel widget widget_sow-editor panel-first-child panel-last-child\" data-index=\"0\" ><div style=\"text-align: left;\" data-title-color=\"#443f3f\" data-headings-color=\"#443f3f\" class=\"panel-widget-style panel-widget-style-for-88-0-0-0\" ><div\n\t\t\t\n\t\t\tclass=\"so-widget-sow-editor so-widget-sow-editor-base\"\n\t\t\t\n\t\t><h3 class=\"widget-title\">Im Herzen Europas<\/h3>\n<div class=\"siteorigin-widget-tinymce textwidget\">\n\t<p>Wir sind aus ganz Europa problemlos erreichbar, egal ob Sie per Bahn, mit dem Auto oder einem sonstigen Verkehrsmittel anreisen. Aufgrund der zentralen Lage, im verkehrstechnisch gut ausgebauten 3-L\u00e4ndereck, sind wir von allen Seiten her gut erreichbar! Der n\u00e4chste gro\u00dfe Bahnhof ist nur 5 Kilometer entfernt und die n\u00e4chste Autobahn ist nach nur 3 Kilometern erreicht. Aber keine Angst bez\u00fcglich L\u00e4rmbel\u00e4stigung, die Autobahn befindet sich hinter dem Bergr\u00fccken und ist zudem noch untertunnelt. F\u00fcr die Anreise per Bahn, geben Sie als Zielbahnhof am besten den Hauptbahnhof Bregenz an! Aber auch der Hauptbahnhof Lindau ist nur wenige Kilometer von ihrer Unterkunft entfernt.<\/p>\n<\/div>\n<\/div><\/div><\/div><\/div><div id=\"pgc-88-0-1\"  class=\"panel-grid-cell\" ><div id=\"panel-88-0-1-0\" class=\"so-panel widget widget_sow-image panel-first-child panel-last-child\" data-index=\"1\" ><div style=\"text-align: left;\" data-title-color=\"#443f3f\" data-headings-color=\"#443f3f\" class=\"panel-widget-style panel-widget-style-for-88-0-1-0\" ><div\n\t\t\t\n\t\t\tclass=\"so-widget-sow-image so-widget-sow-image-default-8b5b6f678277-88\"\n\t\t\t\n\t\t>\n<div class=\"sow-image-container\">\n\t\t<img \n\tsrc=\"https:\/\/ferienhof-kaufmann.at\/wp-content\/uploads\/2007\/07\/Map_1.jpg\" width=\"284\" height=\"243\" sizes=\"(max-width: 284px) 100vw, 284px\" alt=\"\" \t\tclass=\"so-widget-image\"\/>\n\t<\/div>\n\n<\/div><\/div><\/div><\/div><\/div><\/div><div id=\"pg-88-1\"  class=\"panel-grid panel-has-style\" ><div style=\"padding: 100px 0; \" data-overlay=\"true\" data-overlay-color=\"#000000\" class=\"panel-row-style panel-row-style-for-88-1\" ><div id=\"pgc-88-1-0\"  class=\"panel-grid-cell\" ><div id=\"panel-88-1-0-0\" class=\"widget_text so-panel widget widget_custom_html panel-first-child panel-last-child\" data-index=\"2\" ><div style=\"text-align: left;\" data-title-color=\"#443f3f\" data-headings-color=\"#443f3f\" class=\"widget_text panel-widget-style panel-widget-style-for-88-1-0-0\" ><div class=\"textwidget custom-html-widget\"><div id=\"drdsgvo_map\" style=\"width: 100%; height: 500px;\"><\/div>\n<div id=\"fhk-marker-popup\">\n\t<a href=\"#\" id=\"fhk-marker-popup-closer\"><\/a>\n\t<div id=\"fhk-marker-popup-content\" style=\"background: white;padding: 6px;border-radius: 4px;border: dimgray solid 1px;\"><\/div>\n<\/div><\/div><\/div><\/div><\/div><\/div><\/div><div id=\"pg-88-2\"  class=\"panel-grid panel-has-style\" ><div style=\"padding: 100px 0; \" data-overlay=\"true\" data-overlay-color=\"#000000\" class=\"panel-row-style panel-row-style-for-88-2\" ><div id=\"pgc-88-2-0\"  class=\"panel-grid-cell\" ><div id=\"panel-88-2-0-0\" class=\"so-panel widget widget_sow-editor panel-first-child panel-last-child\" data-index=\"3\" ><div style=\"text-align: left;\" data-title-color=\"#443f3f\" data-headings-color=\"#443f3f\" class=\"panel-widget-style panel-widget-style-for-88-2-0-0\" ><div\n\t\t\t\n\t\t\tclass=\"so-widget-sow-editor so-widget-sow-editor-base\"\n\t\t\t\n\t\t><h3 class=\"widget-title\">Anreise<\/h3>\n<div class=\"siteorigin-widget-tinymce textwidget\">\n\t<p>Anreise mit dem Auto:<\/p>\n<div>\n<ul>\n<li>aus Deutschland \u00fcber A96\/43: nehmen Sie die erste Ausfahrt nach der Staatsgrenze zu \u00d6sterreich (Ausfahrt: Lochau\/H\u00f6rbranz)<\/li>\n<li>aus dem S\u00fcden \u00fcber die A14\/E43 Rheintalautobahn: Um am schnellsten an ihr Ziel zu gelangen, sollten Sie die Ausfahrt Lochau\/H\u00f6rbranz, direkt nach der Durchquerung des Pf\u00e4ndertunnels nehmen.<\/li>\n<li>wenn Sie \u00fcber die Schweiz anreisen, k\u00f6nnen Sie schon fr\u00fchzeitig auf die A14 Rheintalautobahn wechseln und auf dieser bis zur Ausfahrt Lochau\/H\u00f6rbranz fahren, oder Sie \u00fcberqueren zum Beispiel in St. Magrethen\/H\u00f6chst die Staatsgrenze und folgen der L202\/E60 durch Hard. Um anschlie\u00dfend auf der L190 durch Bregenz zu fahren und nach Lochau zu gelangen. Auf dieser Route herrscht jedoch oft Stau!<\/li>\n<\/ul>\n<\/div>\n<p><strong>Bitte beachten Sie: F\u00fcr das gesamte Autobahnnetz in \u00d6sterreich gilt Vignettenpflicht!<\/strong> Derzeit gibt es jedoch eine Ausnahmeregelung f\u00fcr den Abschnitt von der Staatsgrenze (H\u00f6rbranz (A) \/Lindau (DE)) bis zur Ausfahrt Hohenems. F\u00fcr diesen Abschnitt ist derzeit keine Vignette notwendig (Stand Oktober 2020).<\/p>\n<p>Planen Sie jetzt ihre Anreise: <a href=\"https:\/\/www.google.com\/maps\/dir\/\/Pf%C3%A4nderstra%C3%9Fe+48,+6911+Lochau\" target=\"_blank\" rel=\"noopener noreferrer\">Route mit Google Maps planen<\/a><\/p>\n<\/div>\n<\/div><\/div><\/div><\/div><div id=\"pgc-88-2-1\"  class=\"panel-grid-cell\" ><div id=\"panel-88-2-1-0\" class=\"so-panel widget widget_sow-editor panel-first-child panel-last-child\" data-index=\"4\" ><div style=\"text-align: left;\" data-title-color=\"#443f3f\" data-headings-color=\"#443f3f\" class=\"panel-widget-style panel-widget-style-for-88-2-1-0\" ><div\n\t\t\t\n\t\t\tclass=\"so-widget-sow-editor so-widget-sow-editor-base\"\n\t\t\t\n\t\t><h3 class=\"widget-title\">Die letzen Meter<\/h3>\n<div class=\"siteorigin-widget-tinymce textwidget\">\n\t<p>Wenn Sie in Lochau angekommen sind, fahren Sie Richtung Pf\u00e4nder. Die Pf\u00e4nderstra\u00dfe zweigt im Ortszentrum von Lochau direkt vor bzw. wenn Sie aus Richtung Bregenz kommen nach der Kirche ab. Anschlie\u00dfend folgen Sie ca. einen Kilometer der Pf\u00e4nderstra\u00dfe. Dabei passieren Sie auf der rechten Seite einen gro\u00dfen Geb\u00e4udekomplex. Nach etwa 600 Metern, zweigt rechts eine kleine Strasse ab, die Sie direkt zu uns f\u00fchrt! Am Stra\u00dfenrand wird unser Ferienhof bereits angek\u00fcndigt!<\/p>\n<p><img loading=\"lazy\" decoding=\"async\" class=\"size-full wp-image-12 aligncenter\" src=\"http:\/\/ferienhof-kaufmann.at\/wp-content\/uploads\/2007\/07\/Map_3.jpg\" alt=\"\" width=\"284\" height=\"297\" \/><\/p>\n<\/div>\n<\/div><\/div><\/div><\/div><\/div><\/div><\/div>","protected":false},"excerpt":{"rendered":"<p>Wir sind aus ganz Europa problemlos erreichbar, egal ob Sie per Bahn, mit dem Auto oder einem sonstigen Verkehrsmittel anreisen. Aufgrund der zentralen Lage, im verkehrstechnisch gut ausgebauten 3-L\u00e4ndereck, sind wir von allen Seiten her gut erreichbar! Der n\u00e4chste gro\u00dfe Bahnhof ist nur 5 Kilometer entfernt und die n\u00e4chste Autobahn ist nach nur 3 Kilometern [&hellip;]<\/p>\n","protected":false},"author":1,"featured_media":0,"parent":0,"menu_order":14,"comment_status":"closed","ping_status":"closed","template":"","meta":{"footnotes":""},"class_list":["post-88","page","type-page","status-publish","hentry"],"yoast_head":"<!-- This site is optimized with the Yoast SEO plugin v26.4 - https:\/\/yoast.com\/wordpress\/plugins\/seo\/ -->\n<title>Planen Sie ihre Anreise zum Ferienhof Kaufmann - Ferienhof Kaufmann<\/title>\n<meta name=\"description\" content=\"Informieren Sie sich \u00fcber die Anreise zum Ferienhof Kaufmann. Erreichen Sie uns einfach aus ganz Europa.\" \/>\n<meta name=\"robots\" content=\"index, follow, max-snippet:-1, max-image-preview:large, max-video-preview:-1\" \/>\n<link rel=\"canonical\" href=\"https:\/\/ferienhof-kaufmann.at\/index.php\/anreise\/\" \/>\n<meta property=\"og:locale\" content=\"de_DE\" \/>\n<meta property=\"og:type\" content=\"article\" \/>\n<meta property=\"og:title\" content=\"Planen Sie ihre Anreise zum Ferienhof Kaufmann - Ferienhof Kaufmann\" \/>\n<meta property=\"og:description\" content=\"Informieren Sie sich \u00fcber die Anreise zum Ferienhof Kaufmann. Erreichen Sie uns einfach aus ganz Europa.\" \/>\n<meta property=\"og:url\" content=\"https:\/\/ferienhof-kaufmann.at\/index.php\/anreise\/\" \/>\n<meta property=\"og:site_name\" content=\"Ferienhof Kaufmann\" \/>\n<meta property=\"article:publisher\" content=\"https:\/\/www.facebook.com\/profile.php?id=100063575891258\" \/>\n<meta property=\"article:modified_time\" content=\"2025-11-26T19:51:35+00:00\" \/>\n<meta property=\"og:image\" content=\"http:\/\/ferienhof-kaufmann.at\/wp-content\/uploads\/2007\/07\/Map_3.jpg\" \/>\n<script type=\"application\/ld+json\" class=\"yoast-schema-graph\">{\"@context\":\"https:\/\/schema.org\",\"@graph\":[{\"@type\":\"WebPage\",\"@id\":\"https:\/\/ferienhof-kaufmann.at\/index.php\/anreise\/\",\"url\":\"https:\/\/ferienhof-kaufmann.at\/index.php\/anreise\/\",\"name\":\"Planen Sie ihre Anreise zum Ferienhof Kaufmann - Ferienhof Kaufmann\",\"isPartOf\":{\"@id\":\"https:\/\/ferienhof-kaufmann.at\/#website\"},\"primaryImageOfPage\":{\"@id\":\"https:\/\/ferienhof-kaufmann.at\/index.php\/anreise\/#primaryimage\"},\"image\":{\"@id\":\"https:\/\/ferienhof-kaufmann.at\/index.php\/anreise\/#primaryimage\"},\"thumbnailUrl\":\"http:\/\/ferienhof-kaufmann.at\/wp-content\/uploads\/2007\/07\/Map_3.jpg\",\"datePublished\":\"2007-07-02T09:40:40+00:00\",\"dateModified\":\"2025-11-26T19:51:35+00:00\",\"description\":\"Informieren Sie sich \u00fcber die Anreise zum Ferienhof Kaufmann. Erreichen Sie uns einfach aus ganz Europa.\",\"breadcrumb\":{\"@id\":\"https:\/\/ferienhof-kaufmann.at\/index.php\/anreise\/#breadcrumb\"},\"inLanguage\":\"de\",\"potentialAction\":[{\"@type\":\"ReadAction\",\"target\":[\"https:\/\/ferienhof-kaufmann.at\/index.php\/anreise\/\"]}]},{\"@type\":\"ImageObject\",\"inLanguage\":\"de\",\"@id\":\"https:\/\/ferienhof-kaufmann.at\/index.php\/anreise\/#primaryimage\",\"url\":\"https:\/\/ferienhof-kaufmann.at\/wp-content\/uploads\/2007\/07\/Map_3.jpg\",\"contentUrl\":\"https:\/\/ferienhof-kaufmann.at\/wp-content\/uploads\/2007\/07\/Map_3.jpg\",\"width\":284,\"height\":297},{\"@type\":\"BreadcrumbList\",\"@id\":\"https:\/\/ferienhof-kaufmann.at\/index.php\/anreise\/#breadcrumb\",\"itemListElement\":[{\"@type\":\"ListItem\",\"position\":1,\"name\":\"Startseite\",\"item\":\"https:\/\/ferienhof-kaufmann.at\/\"},{\"@type\":\"ListItem\",\"position\":2,\"name\":\"Anreise\"}]},{\"@type\":\"WebSite\",\"@id\":\"https:\/\/ferienhof-kaufmann.at\/#website\",\"url\":\"https:\/\/ferienhof-kaufmann.at\/\",\"name\":\"Ferienhof Kaufmann\",\"description\":\"Urlaub am Bodensee\",\"publisher\":{\"@id\":\"https:\/\/ferienhof-kaufmann.at\/#organization\"},\"alternateName\":\"Urlaub auf dem Bauernhof der Familie Kaufmann\",\"potentialAction\":[{\"@type\":\"SearchAction\",\"target\":{\"@type\":\"EntryPoint\",\"urlTemplate\":\"https:\/\/ferienhof-kaufmann.at\/?s={search_term_string}\"},\"query-input\":{\"@type\":\"PropertyValueSpecification\",\"valueRequired\":true,\"valueName\":\"search_term_string\"}}],\"inLanguage\":\"de\"},{\"@type\":\"Organization\",\"@id\":\"https:\/\/ferienhof-kaufmann.at\/#organization\",\"name\":\"Ferienhof Kaufmann\",\"url\":\"https:\/\/ferienhof-kaufmann.at\/\",\"logo\":{\"@type\":\"ImageObject\",\"inLanguage\":\"de\",\"@id\":\"https:\/\/ferienhof-kaufmann.at\/#\/schema\/logo\/image\/\",\"url\":\"https:\/\/ferienhof-kaufmann.at\/wp-content\/uploads\/2017\/10\/Icon.png\",\"contentUrl\":\"https:\/\/ferienhof-kaufmann.at\/wp-content\/uploads\/2017\/10\/Icon.png\",\"width\":500,\"height\":500,\"caption\":\"Ferienhof Kaufmann\"},\"image\":{\"@id\":\"https:\/\/ferienhof-kaufmann.at\/#\/schema\/logo\/image\/\"},\"sameAs\":[\"https:\/\/www.facebook.com\/profile.php?id=100063575891258\"]}]}<\/script>\n<!-- \/ Yoast SEO plugin. -->","yoast_head_json":{"title":"Planen Sie ihre Anreise zum Ferienhof Kaufmann - Ferienhof Kaufmann","description":"Informieren Sie sich \u00fcber die Anreise zum Ferienhof Kaufmann. Erreichen Sie uns einfach aus ganz Europa.","robots":{"index":"index","follow":"follow","max-snippet":"max-snippet:-1","max-image-preview":"max-image-preview:large","max-video-preview":"max-video-preview:-1"},"canonical":"https:\/\/ferienhof-kaufmann.at\/index.php\/anreise\/","og_locale":"de_DE","og_type":"article","og_title":"Planen Sie ihre Anreise zum Ferienhof Kaufmann - Ferienhof Kaufmann","og_description":"Informieren Sie sich \u00fcber die Anreise zum Ferienhof Kaufmann. Erreichen Sie uns einfach aus ganz Europa.","og_url":"https:\/\/ferienhof-kaufmann.at\/index.php\/anreise\/","og_site_name":"Ferienhof Kaufmann","article_publisher":"https:\/\/www.facebook.com\/profile.php?id=100063575891258","article_modified_time":"2025-11-26T19:51:35+00:00","og_image":[{"url":"http:\/\/ferienhof-kaufmann.at\/wp-content\/uploads\/2007\/07\/Map_3.jpg","type":"","width":"","height":""}],"schema":{"@context":"https:\/\/schema.org","@graph":[{"@type":"WebPage","@id":"https:\/\/ferienhof-kaufmann.at\/index.php\/anreise\/","url":"https:\/\/ferienhof-kaufmann.at\/index.php\/anreise\/","name":"Planen Sie ihre Anreise zum Ferienhof Kaufmann - Ferienhof Kaufmann","isPartOf":{"@id":"https:\/\/ferienhof-kaufmann.at\/#website"},"primaryImageOfPage":{"@id":"https:\/\/ferienhof-kaufmann.at\/index.php\/anreise\/#primaryimage"},"image":{"@id":"https:\/\/ferienhof-kaufmann.at\/index.php\/anreise\/#primaryimage"},"thumbnailUrl":"http:\/\/ferienhof-kaufmann.at\/wp-content\/uploads\/2007\/07\/Map_3.jpg","datePublished":"2007-07-02T09:40:40+00:00","dateModified":"2025-11-26T19:51:35+00:00","description":"Informieren Sie sich \u00fcber die Anreise zum Ferienhof Kaufmann. Erreichen Sie uns einfach aus ganz Europa.","breadcrumb":{"@id":"https:\/\/ferienhof-kaufmann.at\/index.php\/anreise\/#breadcrumb"},"inLanguage":"de","potentialAction":[{"@type":"ReadAction","target":["https:\/\/ferienhof-kaufmann.at\/index.php\/anreise\/"]}]},{"@type":"ImageObject","inLanguage":"de","@id":"https:\/\/ferienhof-kaufmann.at\/index.php\/anreise\/#primaryimage","url":"https:\/\/ferienhof-kaufmann.at\/wp-content\/uploads\/2007\/07\/Map_3.jpg","contentUrl":"https:\/\/ferienhof-kaufmann.at\/wp-content\/uploads\/2007\/07\/Map_3.jpg","width":284,"height":297},{"@type":"BreadcrumbList","@id":"https:\/\/ferienhof-kaufmann.at\/index.php\/anreise\/#breadcrumb","itemListElement":[{"@type":"ListItem","position":1,"name":"Startseite","item":"https:\/\/ferienhof-kaufmann.at\/"},{"@type":"ListItem","position":2,"name":"Anreise"}]},{"@type":"WebSite","@id":"https:\/\/ferienhof-kaufmann.at\/#website","url":"https:\/\/ferienhof-kaufmann.at\/","name":"Ferienhof Kaufmann","description":"Urlaub am Bodensee","publisher":{"@id":"https:\/\/ferienhof-kaufmann.at\/#organization"},"alternateName":"Urlaub auf dem Bauernhof der Familie Kaufmann","potentialAction":[{"@type":"SearchAction","target":{"@type":"EntryPoint","urlTemplate":"https:\/\/ferienhof-kaufmann.at\/?s={search_term_string}"},"query-input":{"@type":"PropertyValueSpecification","valueRequired":true,"valueName":"search_term_string"}}],"inLanguage":"de"},{"@type":"Organization","@id":"https:\/\/ferienhof-kaufmann.at\/#organization","name":"Ferienhof Kaufmann","url":"https:\/\/ferienhof-kaufmann.at\/","logo":{"@type":"ImageObject","inLanguage":"de","@id":"https:\/\/ferienhof-kaufmann.at\/#\/schema\/logo\/image\/","url":"https:\/\/ferienhof-kaufmann.at\/wp-content\/uploads\/2017\/10\/Icon.png","contentUrl":"https:\/\/ferienhof-kaufmann.at\/wp-content\/uploads\/2017\/10\/Icon.png","width":500,"height":500,"caption":"Ferienhof Kaufmann"},"image":{"@id":"https:\/\/ferienhof-kaufmann.at\/#\/schema\/logo\/image\/"},"sameAs":["https:\/\/www.facebook.com\/profile.php?id=100063575891258"]}]}},"_links":{"self":[{"href":"https:\/\/ferienhof-kaufmann.at\/index.php\/wp-json\/wp\/v2\/pages\/88","targetHints":{"allow":["GET"]}}],"collection":[{"href":"https:\/\/ferienhof-kaufmann.at\/index.php\/wp-json\/wp\/v2\/pages"}],"about":[{"href":"https:\/\/ferienhof-kaufmann.at\/index.php\/wp-json\/wp\/v2\/types\/page"}],"author":[{"embeddable":true,"href":"https:\/\/ferienhof-kaufmann.at\/index.php\/wp-json\/wp\/v2\/users\/1"}],"replies":[{"embeddable":true,"href":"https:\/\/ferienhof-kaufmann.at\/index.php\/wp-json\/wp\/v2\/comments?post=88"}],"version-history":[{"count":31,"href":"https:\/\/ferienhof-kaufmann.at\/index.php\/wp-json\/wp\/v2\/pages\/88\/revisions"}],"predecessor-version":[{"id":1022,"href":"https:\/\/ferienhof-kaufmann.at\/index.php\/wp-json\/wp\/v2\/pages\/88\/revisions\/1022"}],"wp:attachment":[{"href":"https:\/\/ferienhof-kaufmann.at\/index.php\/wp-json\/wp\/v2\/media?parent=88"}],"curies":[{"name":"wp","href":"https:\/\/api.w.org\/{rel}","templated":true}]}}