{"id":89,"date":"2007-07-02T15:01:23","date_gmt":"2007-07-02T13:01:23","guid":{"rendered":"http:\/\/wp.ferienhof-kaufmann.at\/index.php\/herzlich-willkommen\/"},"modified":"2026-02-11T17:43:39","modified_gmt":"2026-02-11T16:43:39","slug":"urlaub-am-bodensee-ferienhof-kaufmann","status":"publish","type":"page","link":"https:\/\/ferienhof-kaufmann.at\/","title":{"rendered":"HERZLICH WILLKOMMEN!"},"content":{"rendered":"<div id=\"pl-89\"  class=\"panel-layout\" ><div id=\"pg-89-0\"  class=\"panel-grid panel-has-style\" ><div style=\"padding: 100px 0; \" data-overlay=\"true\" data-overlay-color=\"#000000\" class=\"panel-row-style panel-row-style-for-89-0\" ><div id=\"pgc-89-0-0\"  class=\"panel-grid-cell\" ><div id=\"panel-89-0-0-0\" class=\"so-panel widget widget_sow-editor panel-first-child\" data-index=\"0\" ><div style=\"text-align: left;\" data-title-color=\"#443f3f\" data-headings-color=\"#443f3f\" class=\"panel-widget-style panel-widget-style-for-89-0-0-0\" ><div\n\t\t\t\n\t\t\tclass=\"so-widget-sow-editor so-widget-sow-editor-base\"\n\t\t\t\n\t\t><h3 class=\"widget-title\">Willkommen auf dem Ferienhof Kaufmann<\/h3>\n<div class=\"siteorigin-widget-tinymce textwidget\">\n\t<p><!--\n\n\n<p style=\"color:white;background:rgba(64,168,0,0.85);margin:10px;text-align:center;font-weight:bold;padding:10px;\">&#128712; Wichtige Information: Wir sind f\u00fcr Juli und August bereits komplett ausgebucht. Vielen Dank f\u00fcr Ihr Interesse!<\/p>\n\n\n&nbsp;\n--><br \/>\nHallo lieber Besucher!<\/p>\n<p>Willkommen auf der Webseite des Ferienhofs Kaufmann in Lochau am Bodensee. Unsere T\u00fcren sind von Ostern bis Ende Oktober f\u00fcr Sie ge\u00f6ffnet. Wir w\u00fcrden uns freuen Sie bald in unserem Haus begr\u00fc\u00dfen zu d\u00fcrfen. Viel Spa\u00df beim Surfen durch unsere Seiten!<\/p>\n<p><img loading=\"lazy\" decoding=\"async\" class=\"aligncenter wp-image-184 size-full\" src=\"http:\/\/ferienhof-kaufmann.at\/wp-content\/uploads\/2007\/07\/DSC8225.jpg\" alt=\"\" width=\"720\" height=\"480\" srcset=\"https:\/\/ferienhof-kaufmann.at\/wp-content\/uploads\/2007\/07\/DSC8225.jpg 720w, https:\/\/ferienhof-kaufmann.at\/wp-content\/uploads\/2007\/07\/DSC8225-300x200.jpg 300w, https:\/\/ferienhof-kaufmann.at\/wp-content\/uploads\/2007\/07\/DSC8225-230x153.jpg 230w, https:\/\/ferienhof-kaufmann.at\/wp-content\/uploads\/2007\/07\/DSC8225-350x233.jpg 350w, https:\/\/ferienhof-kaufmann.at\/wp-content\/uploads\/2007\/07\/DSC8225-480x320.jpg 480w, https:\/\/ferienhof-kaufmann.at\/wp-content\/uploads\/2007\/07\/DSC8225-272x182.jpg 272w\" sizes=\"auto, (max-width: 720px) 100vw, 720px\" \/><\/p>\n<p>&nbsp;<\/p>\n<p><img loading=\"lazy\" decoding=\"async\" class=\"aligncenter wp-image-539 size-full\" src=\"http:\/\/ferienhof-kaufmann.at\/wp-content\/uploads\/2024\/12\/Familienfoto-2024.jpg\" alt=\"\" width=\"720\" height=\"480\" \/><\/p>\n<p style=\"text-align: center;\">Gastgeber Familie Elisabeth und Helmut Kaufmann aus Lochau am Bodensee.<\/p>\n<p>&nbsp;<\/p>\n<\/div>\n<\/div><\/div><\/div><div id=\"panel-89-0-0-1\" class=\"so-panel widget widget_sow-editor\" data-index=\"1\" ><div style=\"text-align: left;\" data-title-color=\"#443f3f\" data-headings-color=\"#443f3f\" class=\"panel-widget-style panel-widget-style-for-89-0-0-1\" ><div\n\t\t\t\n\t\t\tclass=\"so-widget-sow-editor so-widget-sow-editor-base\"\n\t\t\t\n\t\t>\n<div class=\"siteorigin-widget-tinymce textwidget\">\n\t<p style=\"font-weight: 400;\">Wir sind sehr dankbar, dass wir diesen Hof bewirtschaften k\u00f6nnen im Einklang mit der Natur. Es ist nicht selbstverst\u00e4ndlich, auf so einem St\u00fcck Erde leben zu d\u00fcrfen.<\/p>\n<\/div>\n<\/div><\/div><\/div><div id=\"panel-89-0-0-2\" class=\"so-panel widget widget_sow-slider panel-last-child\" data-index=\"2\" ><div style=\"text-align: left;\" data-title-color=\"#443f3f\" data-headings-color=\"#443f3f\" class=\"panel-widget-style panel-widget-style-for-89-0-0-2\" ><div\n\t\t\t\n\t\t\tclass=\"so-widget-sow-slider so-widget-sow-slider-default-6d39609536fd-89\"\n\t\t\t\n\t\t>\t\t\t\t<div class=\"sow-slider-base\" style=\"display: none\" tabindex=\"0\">\n\t\t\t\t\t<ul\n\t\t\t\t\tclass=\"sow-slider-images\"\n\t\t\t\t\tdata-settings=\"{&quot;pagination&quot;:true,&quot;speed&quot;:800,&quot;timeout&quot;:8000,&quot;paused&quot;:false,&quot;pause_on_hover&quot;:false,&quot;swipe&quot;:true,&quot;nav_always_show_desktop&quot;:&quot;&quot;,&quot;nav_always_show_mobile&quot;:&quot;&quot;,&quot;breakpoint&quot;:&quot;780px&quot;,&quot;unmute&quot;:false,&quot;anchor&quot;:null}\"\n\t\t\t\t\t\t\t\t\t\tdata-anchor-id=\"\"\n\t\t\t\t>\t\t<li class=\"sow-slider-image\" style=\"visibility: visible;\" >\n\t\t\t\t\t\t<img loading=\"lazy\" decoding=\"async\" width=\"1200\" height=\"675\" src=\"https:\/\/ferienhof-kaufmann.at\/wp-content\/uploads\/2022\/03\/FHK_DrohnenFoto1.jpg\" class=\"sow-slider-background-image\" alt=\"\" style=\"\" srcset=\"https:\/\/ferienhof-kaufmann.at\/wp-content\/uploads\/2022\/03\/FHK_DrohnenFoto1.jpg 1200w, https:\/\/ferienhof-kaufmann.at\/wp-content\/uploads\/2022\/03\/FHK_DrohnenFoto1-300x169.jpg 300w, https:\/\/ferienhof-kaufmann.at\/wp-content\/uploads\/2022\/03\/FHK_DrohnenFoto1-1024x576.jpg 1024w, https:\/\/ferienhof-kaufmann.at\/wp-content\/uploads\/2022\/03\/FHK_DrohnenFoto1-768x432.jpg 768w, https:\/\/ferienhof-kaufmann.at\/wp-content\/uploads\/2022\/03\/FHK_DrohnenFoto1-830x467.jpg 830w, https:\/\/ferienhof-kaufmann.at\/wp-content\/uploads\/2022\/03\/FHK_DrohnenFoto1-230x129.jpg 230w, https:\/\/ferienhof-kaufmann.at\/wp-content\/uploads\/2022\/03\/FHK_DrohnenFoto1-350x197.jpg 350w, https:\/\/ferienhof-kaufmann.at\/wp-content\/uploads\/2022\/03\/FHK_DrohnenFoto1-480x270.jpg 480w\" sizes=\"auto, (max-width: 1200px) 100vw, 1200px\" \/>\t\t<\/li>\n\t\t\t\t<li class=\"sow-slider-image\" style=\"visibility: hidden;\" >\n\t\t\t\t\t\t<img loading=\"lazy\" decoding=\"async\" width=\"1200\" height=\"675\" src=\"https:\/\/ferienhof-kaufmann.at\/wp-content\/uploads\/2022\/03\/FHK_DrohnenFoto2.jpg\" class=\"sow-slider-background-image\" alt=\"\" style=\"\" srcset=\"https:\/\/ferienhof-kaufmann.at\/wp-content\/uploads\/2022\/03\/FHK_DrohnenFoto2.jpg 1200w, https:\/\/ferienhof-kaufmann.at\/wp-content\/uploads\/2022\/03\/FHK_DrohnenFoto2-300x169.jpg 300w, https:\/\/ferienhof-kaufmann.at\/wp-content\/uploads\/2022\/03\/FHK_DrohnenFoto2-1024x576.jpg 1024w, https:\/\/ferienhof-kaufmann.at\/wp-content\/uploads\/2022\/03\/FHK_DrohnenFoto2-768x432.jpg 768w, https:\/\/ferienhof-kaufmann.at\/wp-content\/uploads\/2022\/03\/FHK_DrohnenFoto2-830x467.jpg 830w, https:\/\/ferienhof-kaufmann.at\/wp-content\/uploads\/2022\/03\/FHK_DrohnenFoto2-230x129.jpg 230w, https:\/\/ferienhof-kaufmann.at\/wp-content\/uploads\/2022\/03\/FHK_DrohnenFoto2-350x197.jpg 350w, https:\/\/ferienhof-kaufmann.at\/wp-content\/uploads\/2022\/03\/FHK_DrohnenFoto2-480x270.jpg 480w\" sizes=\"auto, (max-width: 1200px) 100vw, 1200px\" \/>\t\t<\/li>\n\t\t<\/ul>\t\t\t\t<ol class=\"sow-slider-pagination\">\n\t\t\t\t\t\t\t\t\t\t\t<li><a href=\"#\" data-goto=\"0\" aria-label=\"Display slide 1\"><\/a><\/li>\n\t\t\t\t\t\t\t\t\t\t\t<li><a href=\"#\" data-goto=\"1\" aria-label=\"Display slide 2\"><\/a><\/li>\n\t\t\t\t\t\t\t\t\t<\/ol>\n\n\t\t\t\t<div class=\"sow-slide-nav sow-slide-nav-next\">\n\t\t\t\t\t<a href=\"#\" data-goto=\"next\" aria-label=\"Next slide\" data-action=\"next\">\n\t\t\t\t\t\t<em class=\"sow-sld-icon-thin-right\"><\/em>\n\t\t\t\t\t<\/a>\n\t\t\t\t<\/div>\n\n\t\t\t\t<div class=\"sow-slide-nav sow-slide-nav-prev\">\n\t\t\t\t\t<a href=\"#\" data-goto=\"previous\" aria-label=\"Previous slide\" data-action=\"prev\">\n\t\t\t\t\t\t<em class=\"sow-sld-icon-thin-left\"><\/em>\n\t\t\t\t\t<\/a>\n\t\t\t\t<\/div>\n\t\t\t\t<\/div><\/div><\/div><\/div><\/div><\/div><\/div><\/div>","protected":false},"excerpt":{"rendered":"<p>Hallo lieber Besucher! Willkommen auf der Webseite des Ferienhofs Kaufmann in Lochau am Bodensee. Unsere T\u00fcren sind von Ostern bis Ende Oktober f\u00fcr Sie ge\u00f6ffnet. Wir w\u00fcrden uns freuen Sie bald in unserem Haus begr\u00fc\u00dfen zu d\u00fcrfen. Viel Spa\u00df beim Surfen durch unsere Seiten! &nbsp; Gastgeber Familie Elisabeth und Helmut Kaufmann aus Lochau am Bodensee. [&hellip;]<\/p>\n","protected":false},"author":1,"featured_media":14,"parent":0,"menu_order":5,"comment_status":"closed","ping_status":"closed","template":"","meta":{"footnotes":""},"class_list":["post-89","page","type-page","status-publish","has-post-thumbnail","hentry"],"yoast_head":"<!-- This site is optimized with the Yoast SEO plugin v26.4 - https:\/\/yoast.com\/wordpress\/plugins\/seo\/ -->\n<title>Urlaub am Bodensee: Entspannung und Natur erleben - Ferienhof Kaufmann<\/title>\n<meta name=\"description\" content=\"Verbringen Sie erholsame Tage bei uns. Ihr perfekter Urlaub am Bodensee beginnt im Ferienhof Kaufmann in Lochau.\" \/>\n<meta name=\"robots\" content=\"index, follow, max-snippet:-1, max-image-preview:large, max-video-preview:-1\" \/>\n<link rel=\"canonical\" href=\"https:\/\/ferienhof-kaufmann.at\/\" \/>\n<meta property=\"og:locale\" content=\"de_DE\" \/>\n<meta property=\"og:type\" content=\"article\" \/>\n<meta property=\"og:title\" content=\"Urlaub am Bodensee: Entspannung und Natur erleben - Ferienhof Kaufmann\" \/>\n<meta property=\"og:description\" content=\"Verbringen Sie erholsame Tage bei uns. Ihr perfekter Urlaub am Bodensee beginnt im Ferienhof Kaufmann in Lochau.\" \/>\n<meta property=\"og:url\" content=\"https:\/\/ferienhof-kaufmann.at\/\" \/>\n<meta property=\"og:site_name\" content=\"Ferienhof Kaufmann\" \/>\n<meta property=\"article:publisher\" content=\"https:\/\/www.facebook.com\/profile.php?id=100063575891258\" \/>\n<meta property=\"article:modified_time\" content=\"2026-02-11T16:43:39+00:00\" \/>\n<meta property=\"og:image\" content=\"http:\/\/ferienhof-kaufmann.at\/wp-content\/uploads\/2007\/07\/Weihnachten_12_1_komp.jpg\" \/>\n\t<meta property=\"og:image:width\" content=\"640\" \/>\n\t<meta property=\"og:image:height\" content=\"470\" \/>\n\t<meta property=\"og:image:type\" content=\"image\/jpeg\" \/>\n<script type=\"application\/ld+json\" class=\"yoast-schema-graph\">{\"@context\":\"https:\/\/schema.org\",\"@graph\":[{\"@type\":\"WebPage\",\"@id\":\"https:\/\/ferienhof-kaufmann.at\/\",\"url\":\"https:\/\/ferienhof-kaufmann.at\/\",\"name\":\"Urlaub am Bodensee: Entspannung und Natur erleben - Ferienhof Kaufmann\",\"isPartOf\":{\"@id\":\"https:\/\/ferienhof-kaufmann.at\/#website\"},\"primaryImageOfPage\":{\"@id\":\"https:\/\/ferienhof-kaufmann.at\/#primaryimage\"},\"image\":{\"@id\":\"https:\/\/ferienhof-kaufmann.at\/#primaryimage\"},\"thumbnailUrl\":\"https:\/\/ferienhof-kaufmann.at\/wp-content\/uploads\/2007\/07\/Weihnachten_12_1_komp.jpg\",\"datePublished\":\"2007-07-02T13:01:23+00:00\",\"dateModified\":\"2026-02-11T16:43:39+00:00\",\"description\":\"Verbringen Sie erholsame Tage bei uns. Ihr perfekter Urlaub am Bodensee beginnt im Ferienhof Kaufmann in Lochau.\",\"breadcrumb\":{\"@id\":\"https:\/\/ferienhof-kaufmann.at\/#breadcrumb\"},\"inLanguage\":\"de\",\"potentialAction\":[{\"@type\":\"ReadAction\",\"target\":[\"https:\/\/ferienhof-kaufmann.at\/\"]}]},{\"@type\":\"ImageObject\",\"inLanguage\":\"de\",\"@id\":\"https:\/\/ferienhof-kaufmann.at\/#primaryimage\",\"url\":\"https:\/\/ferienhof-kaufmann.at\/wp-content\/uploads\/2007\/07\/Weihnachten_12_1_komp.jpg\",\"contentUrl\":\"https:\/\/ferienhof-kaufmann.at\/wp-content\/uploads\/2007\/07\/Weihnachten_12_1_komp.jpg\",\"width\":640,\"height\":470,\"caption\":\"Unser Ferienhof im Winter\"},{\"@type\":\"BreadcrumbList\",\"@id\":\"https:\/\/ferienhof-kaufmann.at\/#breadcrumb\",\"itemListElement\":[{\"@type\":\"ListItem\",\"position\":1,\"name\":\"Startseite\",\"item\":\"https:\/\/ferienhof-kaufmann.at\/\"},{\"@type\":\"ListItem\",\"position\":2,\"name\":\"HERZLICH WILLKOMMEN!\"}]},{\"@type\":\"WebSite\",\"@id\":\"https:\/\/ferienhof-kaufmann.at\/#website\",\"url\":\"https:\/\/ferienhof-kaufmann.at\/\",\"name\":\"Ferienhof Kaufmann\",\"description\":\"Urlaub am Bodensee\",\"publisher\":{\"@id\":\"https:\/\/ferienhof-kaufmann.at\/#organization\"},\"alternateName\":\"Urlaub auf dem Bauernhof der Familie Kaufmann\",\"potentialAction\":[{\"@type\":\"SearchAction\",\"target\":{\"@type\":\"EntryPoint\",\"urlTemplate\":\"https:\/\/ferienhof-kaufmann.at\/?s={search_term_string}\"},\"query-input\":{\"@type\":\"PropertyValueSpecification\",\"valueRequired\":true,\"valueName\":\"search_term_string\"}}],\"inLanguage\":\"de\"},{\"@type\":\"Organization\",\"@id\":\"https:\/\/ferienhof-kaufmann.at\/#organization\",\"name\":\"Ferienhof Kaufmann\",\"url\":\"https:\/\/ferienhof-kaufmann.at\/\",\"logo\":{\"@type\":\"ImageObject\",\"inLanguage\":\"de\",\"@id\":\"https:\/\/ferienhof-kaufmann.at\/#\/schema\/logo\/image\/\",\"url\":\"https:\/\/ferienhof-kaufmann.at\/wp-content\/uploads\/2017\/10\/Icon.png\",\"contentUrl\":\"https:\/\/ferienhof-kaufmann.at\/wp-content\/uploads\/2017\/10\/Icon.png\",\"width\":500,\"height\":500,\"caption\":\"Ferienhof Kaufmann\"},\"image\":{\"@id\":\"https:\/\/ferienhof-kaufmann.at\/#\/schema\/logo\/image\/\"},\"sameAs\":[\"https:\/\/www.facebook.com\/profile.php?id=100063575891258\"]}]}<\/script>\n<!-- \/ Yoast SEO plugin. -->","yoast_head_json":{"title":"Urlaub am Bodensee: Entspannung und Natur erleben - Ferienhof Kaufmann","description":"Verbringen Sie erholsame Tage bei uns. Ihr perfekter Urlaub am Bodensee beginnt im Ferienhof Kaufmann in Lochau.","robots":{"index":"index","follow":"follow","max-snippet":"max-snippet:-1","max-image-preview":"max-image-preview:large","max-video-preview":"max-video-preview:-1"},"canonical":"https:\/\/ferienhof-kaufmann.at\/","og_locale":"de_DE","og_type":"article","og_title":"Urlaub am Bodensee: Entspannung und Natur erleben - Ferienhof Kaufmann","og_description":"Verbringen Sie erholsame Tage bei uns. Ihr perfekter Urlaub am Bodensee beginnt im Ferienhof Kaufmann in Lochau.","og_url":"https:\/\/ferienhof-kaufmann.at\/","og_site_name":"Ferienhof Kaufmann","article_publisher":"https:\/\/www.facebook.com\/profile.php?id=100063575891258","article_modified_time":"2026-02-11T16:43:39+00:00","og_image":[{"width":640,"height":470,"url":"http:\/\/ferienhof-kaufmann.at\/wp-content\/uploads\/2007\/07\/Weihnachten_12_1_komp.jpg","type":"image\/jpeg"}],"schema":{"@context":"https:\/\/schema.org","@graph":[{"@type":"WebPage","@id":"https:\/\/ferienhof-kaufmann.at\/","url":"https:\/\/ferienhof-kaufmann.at\/","name":"Urlaub am Bodensee: Entspannung und Natur erleben - Ferienhof Kaufmann","isPartOf":{"@id":"https:\/\/ferienhof-kaufmann.at\/#website"},"primaryImageOfPage":{"@id":"https:\/\/ferienhof-kaufmann.at\/#primaryimage"},"image":{"@id":"https:\/\/ferienhof-kaufmann.at\/#primaryimage"},"thumbnailUrl":"https:\/\/ferienhof-kaufmann.at\/wp-content\/uploads\/2007\/07\/Weihnachten_12_1_komp.jpg","datePublished":"2007-07-02T13:01:23+00:00","dateModified":"2026-02-11T16:43:39+00:00","description":"Verbringen Sie erholsame Tage bei uns. Ihr perfekter Urlaub am Bodensee beginnt im Ferienhof Kaufmann in Lochau.","breadcrumb":{"@id":"https:\/\/ferienhof-kaufmann.at\/#breadcrumb"},"inLanguage":"de","potentialAction":[{"@type":"ReadAction","target":["https:\/\/ferienhof-kaufmann.at\/"]}]},{"@type":"ImageObject","inLanguage":"de","@id":"https:\/\/ferienhof-kaufmann.at\/#primaryimage","url":"https:\/\/ferienhof-kaufmann.at\/wp-content\/uploads\/2007\/07\/Weihnachten_12_1_komp.jpg","contentUrl":"https:\/\/ferienhof-kaufmann.at\/wp-content\/uploads\/2007\/07\/Weihnachten_12_1_komp.jpg","width":640,"height":470,"caption":"Unser Ferienhof im Winter"},{"@type":"BreadcrumbList","@id":"https:\/\/ferienhof-kaufmann.at\/#breadcrumb","itemListElement":[{"@type":"ListItem","position":1,"name":"Startseite","item":"https:\/\/ferienhof-kaufmann.at\/"},{"@type":"ListItem","position":2,"name":"HERZLICH WILLKOMMEN!"}]},{"@type":"WebSite","@id":"https:\/\/ferienhof-kaufmann.at\/#website","url":"https:\/\/ferienhof-kaufmann.at\/","name":"Ferienhof Kaufmann","description":"Urlaub am Bodensee","publisher":{"@id":"https:\/\/ferienhof-kaufmann.at\/#organization"},"alternateName":"Urlaub auf dem Bauernhof der Familie Kaufmann","potentialAction":[{"@type":"SearchAction","target":{"@type":"EntryPoint","urlTemplate":"https:\/\/ferienhof-kaufmann.at\/?s={search_term_string}"},"query-input":{"@type":"PropertyValueSpecification","valueRequired":true,"valueName":"search_term_string"}}],"inLanguage":"de"},{"@type":"Organization","@id":"https:\/\/ferienhof-kaufmann.at\/#organization","name":"Ferienhof Kaufmann","url":"https:\/\/ferienhof-kaufmann.at\/","logo":{"@type":"ImageObject","inLanguage":"de","@id":"https:\/\/ferienhof-kaufmann.at\/#\/schema\/logo\/image\/","url":"https:\/\/ferienhof-kaufmann.at\/wp-content\/uploads\/2017\/10\/Icon.png","contentUrl":"https:\/\/ferienhof-kaufmann.at\/wp-content\/uploads\/2017\/10\/Icon.png","width":500,"height":500,"caption":"Ferienhof Kaufmann"},"image":{"@id":"https:\/\/ferienhof-kaufmann.at\/#\/schema\/logo\/image\/"},"sameAs":["https:\/\/www.facebook.com\/profile.php?id=100063575891258"]}]}},"_links":{"self":[{"href":"https:\/\/ferienhof-kaufmann.at\/index.php\/wp-json\/wp\/v2\/pages\/89","targetHints":{"allow":["GET"]}}],"collection":[{"href":"https:\/\/ferienhof-kaufmann.at\/index.php\/wp-json\/wp\/v2\/pages"}],"about":[{"href":"https:\/\/ferienhof-kaufmann.at\/index.php\/wp-json\/wp\/v2\/types\/page"}],"author":[{"embeddable":true,"href":"https:\/\/ferienhof-kaufmann.at\/index.php\/wp-json\/wp\/v2\/users\/1"}],"replies":[{"embeddable":true,"href":"https:\/\/ferienhof-kaufmann.at\/index.php\/wp-json\/wp\/v2\/comments?post=89"}],"version-history":[{"count":129,"href":"https:\/\/ferienhof-kaufmann.at\/index.php\/wp-json\/wp\/v2\/pages\/89\/revisions"}],"predecessor-version":[{"id":1029,"href":"https:\/\/ferienhof-kaufmann.at\/index.php\/wp-json\/wp\/v2\/pages\/89\/revisions\/1029"}],"wp:featuredmedia":[{"embeddable":true,"href":"https:\/\/ferienhof-kaufmann.at\/index.php\/wp-json\/wp\/v2\/media\/14"}],"wp:attachment":[{"href":"https:\/\/ferienhof-kaufmann.at\/index.php\/wp-json\/wp\/v2\/media?parent=89"}],"curies":[{"name":"wp","href":"https:\/\/api.w.org\/{rel}","templated":true}]}}