{"id":92,"date":"2007-07-04T16:17:41","date_gmt":"2007-07-04T14:17:41","guid":{"rendered":"http:\/\/wp.ferienhof-kaufmann.at\/index.php\/links\/"},"modified":"2017-10-24T17:49:12","modified_gmt":"2017-10-24T15:49:12","slug":"links","status":"publish","type":"page","link":"https:\/\/ferienhof-kaufmann.at\/index.php\/links\/","title":{"rendered":"Links"},"content":{"rendered":"<div id=\"pl-92\"  class=\"panel-layout\" ><div id=\"pg-92-0\"  class=\"panel-grid panel-has-style\" ><div style=\"padding: 100px 0; \" data-overlay=\"true\" class=\"panel-row-style panel-row-style-for-92-0\" ><div id=\"pgc-92-0-0\"  class=\"panel-grid-cell\" ><div id=\"panel-92-0-0-0\" class=\"so-panel widget widget_sow-editor panel-first-child panel-last-child\" data-index=\"0\" ><div style=\"text-align: left;\" data-title-color=\"#443f3f\" data-headings-color=\"#443f3f\" class=\"panel-widget-style panel-widget-style-for-92-0-0-0\" ><div\n\t\t\t\n\t\t\tclass=\"so-widget-sow-editor so-widget-sow-editor-base\"\n\t\t\t\n\t\t><h3 class=\"widget-title\">Links rund um die Region<\/h3>\n<div class=\"siteorigin-widget-tinymce textwidget\">\n\t<p><a href=\"http:\/\/www.lochau.at\" target=\"_blank\" rel=\"noopener noreferrer\"><strong>www.lochau.at<\/strong><br \/> <\/a><span style=\"padding-left: 50px;\">Webseite der Gemeinde Lochau<\/span><\/p>\n<p><a href=\"http:\/\/www.urlaubambauernhof.at\/ferienhof-kaufmann\" target=\"_blank\" rel=\"noopener\"><br \/> <strong>www.urlaubambauernhof.at<\/strong><\/a><br \/> <span style=\"padding-left: 50px;\">Wir auf \"Urlaub am Bauernhof\"<\/span><\/p>\n<p><strong><a href=\"http:\/\/www.pfaender.at\/\" target=\"_blank\" rel=\"noopener\"><br \/>www.pfaender.at<\/a> <\/strong>und <strong><a href=\"http:\/\/www.pfaenderbahn.at\/\" target=\"_blank\" rel=\"noopener\">www.pfaenderbahn.at<\/a><\/strong><br \/> <span style=\"padding-left: 50px;\">Webseite zu unserem Hausberg - dem Pf\u00e4nder - und der zugeh\u00f6rigen Seilbahn die von Bregenz auf den Gipfel f\u00fchrt<\/span><\/p>\n<p><a href=\"http:\/\/www.vorarlberg.travel\" target=\"_blank\" rel=\"noopener noreferrer\"><br \/> <strong>www.vorarlberg.travel<\/strong><\/a><br \/> <span style=\"padding-left: 50px;\">Die Webseite von Vorarlberg Tourismus<\/span><\/p>\n<p><a href=\"http:\/\/www.bodensee-vorarlberg.com\" target=\"_blank\" rel=\"noopener noreferrer\"><br \/> <strong>www.bodensee-vorarlberg.com<\/strong><\/a><br \/> <span style=\"padding-left: 50px;\">Eine weitere informative Tourismusseite aus der Region<\/span><\/p>\n<p><a href=\"http:\/\/www.vorarlbergvonoben.at\" target=\"_blank\" rel=\"noopener\"><br \/> <strong>www.vorarlbergvonoben.at<\/strong><\/a><br \/> <span style=\"padding-left: 50px;\"><em>Vorarlberg von Oben<\/em> nennt sich ein tolles Projekt bei dem ganz Vorarlberg mit kurzen Filmen die aus der Luft gedreht wurden vorgestellt wird<\/span><\/p>\n<\/div>\n<\/div><\/div><\/div><\/div><\/div><\/div><\/div>","protected":false},"excerpt":{"rendered":"<p>www.lochau.at Webseite der Gemeinde Lochau www.urlaubambauernhof.at Wir auf &#8222;Urlaub am Bauernhof&#8220; www.pfaender.at und www.pfaenderbahn.at Webseite zu unserem Hausberg &#8211; dem Pf\u00e4nder &#8211; und der zugeh\u00f6rigen Seilbahn die von Bregenz auf den Gipfel f\u00fchrt www.vorarlberg.travel Die Webseite von Vorarlberg Tourismus www.bodensee-vorarlberg.com Eine weitere informative Tourismusseite aus der Region www.vorarlbergvonoben.at Vorarlberg von Oben nennt sich ein tolles [&hellip;]<\/p>\n","protected":false},"author":1,"featured_media":0,"parent":0,"menu_order":13,"comment_status":"closed","ping_status":"closed","template":"","meta":{"footnotes":""},"class_list":["post-92","page","type-page","status-publish","hentry"],"yoast_head":"<!-- This site is optimized with the Yoast SEO plugin v26.4 - https:\/\/yoast.com\/wordpress\/plugins\/seo\/ -->\n<title>Links - Ferienhof Kaufmann<\/title>\n<meta name=\"robots\" content=\"index, follow, max-snippet:-1, max-image-preview:large, max-video-preview:-1\" \/>\n<link rel=\"canonical\" href=\"https:\/\/ferienhof-kaufmann.at\/index.php\/links\/\" \/>\n<meta property=\"og:locale\" content=\"de_DE\" \/>\n<meta property=\"og:type\" content=\"article\" \/>\n<meta property=\"og:title\" content=\"Links - Ferienhof Kaufmann\" \/>\n<meta property=\"og:description\" content=\"www.lochau.at Webseite der Gemeinde Lochau www.urlaubambauernhof.at Wir auf &quot;Urlaub am Bauernhof&quot; www.pfaender.at und www.pfaenderbahn.at Webseite zu unserem Hausberg - dem Pf\u00e4nder - und der zugeh\u00f6rigen Seilbahn die von Bregenz auf den Gipfel f\u00fchrt www.vorarlberg.travel Die Webseite von Vorarlberg Tourismus www.bodensee-vorarlberg.com Eine weitere informative Tourismusseite aus der Region www.vorarlbergvonoben.at Vorarlberg von Oben nennt sich ein tolles [&hellip;]\" \/>\n<meta property=\"og:url\" content=\"https:\/\/ferienhof-kaufmann.at\/index.php\/links\/\" \/>\n<meta property=\"og:site_name\" content=\"Ferienhof Kaufmann\" \/>\n<meta property=\"article:publisher\" content=\"https:\/\/www.facebook.com\/profile.php?id=100063575891258\" \/>\n<meta property=\"article:modified_time\" content=\"2017-10-24T15:49:12+00:00\" \/>\n<script type=\"application\/ld+json\" class=\"yoast-schema-graph\">{\"@context\":\"https:\/\/schema.org\",\"@graph\":[{\"@type\":\"WebPage\",\"@id\":\"https:\/\/ferienhof-kaufmann.at\/index.php\/links\/\",\"url\":\"https:\/\/ferienhof-kaufmann.at\/index.php\/links\/\",\"name\":\"Links - Ferienhof Kaufmann\",\"isPartOf\":{\"@id\":\"https:\/\/ferienhof-kaufmann.at\/#website\"},\"datePublished\":\"2007-07-04T14:17:41+00:00\",\"dateModified\":\"2017-10-24T15:49:12+00:00\",\"breadcrumb\":{\"@id\":\"https:\/\/ferienhof-kaufmann.at\/index.php\/links\/#breadcrumb\"},\"inLanguage\":\"de\",\"potentialAction\":[{\"@type\":\"ReadAction\",\"target\":[\"https:\/\/ferienhof-kaufmann.at\/index.php\/links\/\"]}]},{\"@type\":\"BreadcrumbList\",\"@id\":\"https:\/\/ferienhof-kaufmann.at\/index.php\/links\/#breadcrumb\",\"itemListElement\":[{\"@type\":\"ListItem\",\"position\":1,\"name\":\"Startseite\",\"item\":\"https:\/\/ferienhof-kaufmann.at\/\"},{\"@type\":\"ListItem\",\"position\":2,\"name\":\"Links\"}]},{\"@type\":\"WebSite\",\"@id\":\"https:\/\/ferienhof-kaufmann.at\/#website\",\"url\":\"https:\/\/ferienhof-kaufmann.at\/\",\"name\":\"Ferienhof Kaufmann\",\"description\":\"Urlaub am Bodensee\",\"publisher\":{\"@id\":\"https:\/\/ferienhof-kaufmann.at\/#organization\"},\"alternateName\":\"Urlaub auf dem Bauernhof der Familie Kaufmann\",\"potentialAction\":[{\"@type\":\"SearchAction\",\"target\":{\"@type\":\"EntryPoint\",\"urlTemplate\":\"https:\/\/ferienhof-kaufmann.at\/?s={search_term_string}\"},\"query-input\":{\"@type\":\"PropertyValueSpecification\",\"valueRequired\":true,\"valueName\":\"search_term_string\"}}],\"inLanguage\":\"de\"},{\"@type\":\"Organization\",\"@id\":\"https:\/\/ferienhof-kaufmann.at\/#organization\",\"name\":\"Ferienhof Kaufmann\",\"url\":\"https:\/\/ferienhof-kaufmann.at\/\",\"logo\":{\"@type\":\"ImageObject\",\"inLanguage\":\"de\",\"@id\":\"https:\/\/ferienhof-kaufmann.at\/#\/schema\/logo\/image\/\",\"url\":\"https:\/\/ferienhof-kaufmann.at\/wp-content\/uploads\/2017\/10\/Icon.png\",\"contentUrl\":\"https:\/\/ferienhof-kaufmann.at\/wp-content\/uploads\/2017\/10\/Icon.png\",\"width\":500,\"height\":500,\"caption\":\"Ferienhof Kaufmann\"},\"image\":{\"@id\":\"https:\/\/ferienhof-kaufmann.at\/#\/schema\/logo\/image\/\"},\"sameAs\":[\"https:\/\/www.facebook.com\/profile.php?id=100063575891258\"]}]}<\/script>\n<!-- \/ Yoast SEO plugin. -->","yoast_head_json":{"title":"Links - Ferienhof Kaufmann","robots":{"index":"index","follow":"follow","max-snippet":"max-snippet:-1","max-image-preview":"max-image-preview:large","max-video-preview":"max-video-preview:-1"},"canonical":"https:\/\/ferienhof-kaufmann.at\/index.php\/links\/","og_locale":"de_DE","og_type":"article","og_title":"Links - Ferienhof Kaufmann","og_description":"www.lochau.at Webseite der Gemeinde Lochau www.urlaubambauernhof.at Wir auf \"Urlaub am Bauernhof\" www.pfaender.at und www.pfaenderbahn.at Webseite zu unserem Hausberg - dem Pf\u00e4nder - und der zugeh\u00f6rigen Seilbahn die von Bregenz auf den Gipfel f\u00fchrt www.vorarlberg.travel Die Webseite von Vorarlberg Tourismus www.bodensee-vorarlberg.com Eine weitere informative Tourismusseite aus der Region www.vorarlbergvonoben.at Vorarlberg von Oben nennt sich ein tolles [&hellip;]","og_url":"https:\/\/ferienhof-kaufmann.at\/index.php\/links\/","og_site_name":"Ferienhof Kaufmann","article_publisher":"https:\/\/www.facebook.com\/profile.php?id=100063575891258","article_modified_time":"2017-10-24T15:49:12+00:00","schema":{"@context":"https:\/\/schema.org","@graph":[{"@type":"WebPage","@id":"https:\/\/ferienhof-kaufmann.at\/index.php\/links\/","url":"https:\/\/ferienhof-kaufmann.at\/index.php\/links\/","name":"Links - Ferienhof Kaufmann","isPartOf":{"@id":"https:\/\/ferienhof-kaufmann.at\/#website"},"datePublished":"2007-07-04T14:17:41+00:00","dateModified":"2017-10-24T15:49:12+00:00","breadcrumb":{"@id":"https:\/\/ferienhof-kaufmann.at\/index.php\/links\/#breadcrumb"},"inLanguage":"de","potentialAction":[{"@type":"ReadAction","target":["https:\/\/ferienhof-kaufmann.at\/index.php\/links\/"]}]},{"@type":"BreadcrumbList","@id":"https:\/\/ferienhof-kaufmann.at\/index.php\/links\/#breadcrumb","itemListElement":[{"@type":"ListItem","position":1,"name":"Startseite","item":"https:\/\/ferienhof-kaufmann.at\/"},{"@type":"ListItem","position":2,"name":"Links"}]},{"@type":"WebSite","@id":"https:\/\/ferienhof-kaufmann.at\/#website","url":"https:\/\/ferienhof-kaufmann.at\/","name":"Ferienhof Kaufmann","description":"Urlaub am Bodensee","publisher":{"@id":"https:\/\/ferienhof-kaufmann.at\/#organization"},"alternateName":"Urlaub auf dem Bauernhof der Familie Kaufmann","potentialAction":[{"@type":"SearchAction","target":{"@type":"EntryPoint","urlTemplate":"https:\/\/ferienhof-kaufmann.at\/?s={search_term_string}"},"query-input":{"@type":"PropertyValueSpecification","valueRequired":true,"valueName":"search_term_string"}}],"inLanguage":"de"},{"@type":"Organization","@id":"https:\/\/ferienhof-kaufmann.at\/#organization","name":"Ferienhof Kaufmann","url":"https:\/\/ferienhof-kaufmann.at\/","logo":{"@type":"ImageObject","inLanguage":"de","@id":"https:\/\/ferienhof-kaufmann.at\/#\/schema\/logo\/image\/","url":"https:\/\/ferienhof-kaufmann.at\/wp-content\/uploads\/2017\/10\/Icon.png","contentUrl":"https:\/\/ferienhof-kaufmann.at\/wp-content\/uploads\/2017\/10\/Icon.png","width":500,"height":500,"caption":"Ferienhof Kaufmann"},"image":{"@id":"https:\/\/ferienhof-kaufmann.at\/#\/schema\/logo\/image\/"},"sameAs":["https:\/\/www.facebook.com\/profile.php?id=100063575891258"]}]}},"_links":{"self":[{"href":"https:\/\/ferienhof-kaufmann.at\/index.php\/wp-json\/wp\/v2\/pages\/92","targetHints":{"allow":["GET"]}}],"collection":[{"href":"https:\/\/ferienhof-kaufmann.at\/index.php\/wp-json\/wp\/v2\/pages"}],"about":[{"href":"https:\/\/ferienhof-kaufmann.at\/index.php\/wp-json\/wp\/v2\/types\/page"}],"author":[{"embeddable":true,"href":"https:\/\/ferienhof-kaufmann.at\/index.php\/wp-json\/wp\/v2\/users\/1"}],"replies":[{"embeddable":true,"href":"https:\/\/ferienhof-kaufmann.at\/index.php\/wp-json\/wp\/v2\/comments?post=92"}],"version-history":[{"count":15,"href":"https:\/\/ferienhof-kaufmann.at\/index.php\/wp-json\/wp\/v2\/pages\/92\/revisions"}],"predecessor-version":[{"id":346,"href":"https:\/\/ferienhof-kaufmann.at\/index.php\/wp-json\/wp\/v2\/pages\/92\/revisions\/346"}],"wp:attachment":[{"href":"https:\/\/ferienhof-kaufmann.at\/index.php\/wp-json\/wp\/v2\/media?parent=92"}],"curies":[{"name":"wp","href":"https:\/\/api.w.org\/{rel}","templated":true}]}}